{"id":166,"date":"2023-01-04T22:43:55","date_gmt":"2023-01-04T21:43:55","guid":{"rendered":"http:\/\/ponyreitglueck.de\/?page_id=166"},"modified":"2023-01-10T13:15:45","modified_gmt":"2023-01-10T13:15:45","slug":"agbs","status":"publish","type":"page","link":"https:\/\/ponyreitglueck.de\/startseite\/agbs\/","title":{"rendered":"Rechtliches"},"content":{"rendered":"\n<h2 class=\"wp-block-heading\">Allgemeine Gesch\u00e4ftsbedingungen (AGB)<\/h2>\n\n\n\n<p><strong>von Ponyreitgl\u00fcck Carolin Chaloupka, Stand: 01.01.2023<\/strong><\/p>\n\n\n\n<p><\/p>\n\n\n\n<p><strong>\u00a71 Terminvereinbarung und Buchung der Reitstunden<\/strong><\/p>\n\n\n\n<p>Das Reiten ist grunds\u00e4tzlich nur nach Voranmeldung zu den individuell vereinbarten Terminen m\u00f6glich. Dies geschieht pers\u00f6nlich, telefonisch oder schriftlich per Email, SMS oder WhatsApp. Nach erfolgreicher Terminvereinbarung erhalten Sie von uns eine Terminbest\u00e4tigung per Email, Nachricht als SMS oder WhatsApp.<\/p>\n\n\n\n<p>Es gibt die M\u00f6glichkeit Einzelstunden zu vereinbaren oder 10er-Guthaben rabattiert zu erwerben. Die Guthaben sind nicht \u00fcbertragbar und werden bei Nichtnutzung oder nur teilweiser Nutzung nicht erstattet. Die Guthaben m\u00fcssen innerhalb von 12 Monaten aufgebraucht werden, danach verfallen sie. Absagen von gebuchten Reitstunden sind bis zu 24 Stunden vor der Reitstunde kostenfrei in schriftlicher Form per Email, SMS oder WhatsApp m\u00f6glich. Bei sp\u00e4teren Stornierungen oder beim Nichterscheinen des Reitsch\u00fclers verf\u00e4llt das Guthaben f\u00fcr die Reitstunde ohne Erstattung. Wurden Einzelstunden gebucht, liegt es im Ermessen der Reitschule, ob eine Ausfallentsch\u00e4digung in H\u00f6he von 50% einer Reitstundenverg\u00fctung in Rechnung gestellt wird. Ein Anspruch auf Nachholung der vers\u00e4umten Reitstunde besteht nicht.<\/p>\n\n\n\n<blockquote class=\"wp-block-quote\">\n<p><em>Rechnungsstellung erfolgt ohne Ausweis der Umsatzsteuer nach \u00a719 UStG.<\/em><\/p>\n<\/blockquote>\n\n\n\n<p><br><\/p>\n\n\n\n<p><strong>\u00a72 Organisation und Ablauf der Reitstunden<\/strong><\/p>\n\n\n\n<p>Zeitverluste durch Gr\u00fcnde, die beim Reitsch\u00fcler liegen &#8211; zu sp\u00e4t kommen, Pferd nicht sauber und nicht ordentlich vorbereitet &#8211; werden nicht nachgeholt. Bei Versp\u00e4tungen liegt es im Ermessen des Reitlehrers, ob noch am Unterricht teilgenommen werden kann oder nicht. Im Falle des Nichtreitens und wenn minderj\u00e4hrige Reitsch\u00fcler sich nicht im Reitbereich aufhalten, besteht keine Aufsichtspflicht f\u00fcr die Reitschule.<\/p>\n\n\n\n<p>Der Reitunterricht besteht nicht nur aus der Reiteinheit, sondern auch aus der Zeit um Vor- und Nachbereiten, in denen das Pferd vom Reitsch\u00fcler gemeinsam mit dem Reitlehrer geputzt und gesattelt wird. Nach der Reiteinheit geh\u00f6rt auch das Absatteln, Versorgen des Pferdes und das Aufr\u00e4umen des Putz- und Sattelzeugs zum Unterricht. Das Versorgen der Pferde hat Priorit\u00e4t, d.h. wenn ein Reitsch\u00fcler zu sp\u00e4t kommt, dann wird dies von der Reitzeit und nicht von der Zeit zum Versorgen des Pferdes abgezogen.<\/p>\n\n\n\n<p>Die inhaltliche Gestaltung der Reitstunde obliegt ausschlie\u00dflich dem Reitlehrer. Wir behalten uns vor witterungsbedingt, z.B. bei Hitze, die Reiteinheiten so zu gestalten, dass die Pferde nicht \u00fcberanstrengt werden. Daraus leitet sich kein Ersatzanspruch wegen gek\u00fcrzter Reitzeit ab.<\/p>\n\n\n\n<p>Die Einteilung der Reitpferde bei Stunden und Ausritten erfolgt durch den Reitlehrer und ist abh\u00e4ngig von dem Wohlbefinden der Pferde. Nach M\u00f6glichkeit werden wir die W\u00fcnsche und Vorlieben der Reitsch\u00fcler ber\u00fccksichtigen. Ein Anspruch auf ein bestimmtes Pferd oder einen bestimmten Reitlehrer besteht nicht. Zur Ausr\u00fcstung der Reitsch\u00fcler geh\u00f6rt ein Reit- oder Fahrradhelm, feste,  \u00fcber Kn\u00f6chel hohe Schuhe und Handschuhe. Keine Turnschuhe!<br>Das Tragen eines Helms ist Pflicht, Ausnahmen werden nicht gestattet!<\/p>\n\n\n\n<p><br><\/p>\n\n\n\n<p><strong>\u00a73 Haftung<\/strong><br>Die Reitschule haftet im Rahmen ihrer Reitlehrer- und Schulpferdehaftpflichtversicherung nur f\u00fcr Vorsatz und grobe Fahrl\u00e4ssigkeit. Die Reitschule haftet nur dann f\u00fcr einen Unfall, wenn sie ihn durch Verletzung ihrer Verkehrssicherungspflicht oder zurechenbares Fehlverhalten der Reitlehrer verursacht hat. Eine dar\u00fcber hinausgehende Haftung ist ausgeschlossen.<br>F\u00fcr Sch\u00e4den, die durch den Reitsch\u00fcler oder deren\/dessen Begleitung oder Besucher an Sachgegenst\u00e4nden, Menschen oder Tieren entstehen (fahrl\u00e4ssig, grob fahrl\u00e4ssig oder unter Vorsatz) haftet der Reitsch\u00fcler bzw. dessen Eltern. Ein Defekt oder der Verlust von Gegenst\u00e4nden oder Reitzubeh\u00f6r ist der Reitschule sofort zu melden.<\/p>\n\n\n\n<p><br><\/p>\n\n\n\n<p><strong>\u00a74 Allgemeine Verhaltensregeln auf Reitgel\u00e4nde, Stall und Pferdeboxen<\/strong><\/p>\n\n\n\n<p>Das Betreten von Pferdeboxen oder Koppeln ist ohne ausdr\u00fcckliche Erlaubnis der Reitschule, eines Reitlehrers oder einer anwesenden Fachkraft der Stallung verboten. <br>Im gesamten Stall- und Hofbereich ist das Rauchen und offenes Feuer verboten. Das Jugendschutzgesetz hat auch hier seine vollumf\u00e4ngliche G\u00fcltigkeit, d.h. Kindern und Jugendlichen ist das Mitf\u00fchren und Konsumieren von alkoholischen Getr\u00e4nken und Zigaretten untersagt.<br>Das Mitf\u00fchren von Hunden ist gestattet, jedoch sind diese an der Leine zu f\u00fchren. F\u00fcr Kinder und Personen, die sich au\u00dferhalb einer Reitstunde auf unserem Gel\u00e4nde befinden k\u00f6nnen wir keine Verantwortung \u00fcbernehmen. Ihr Aufenthalt geschieht auf eigene Gefahr.<br><br>Die Reitschule beh\u00e4lt sich vor, diese AGB und die Preisliste jederzeit und ohne Nennung von Gr\u00fcnden zu \u00e4ndern. Die ge\u00e4nderten Bedingungen werden sp\u00e4testens zwei Wochen vor ihrem Inkrafttreten auf der Internetseite ver\u00f6ffentlicht bzw. in der Stallung Petra Schinke, Erbenschwang 38, 86980 Ingenried ausgeh\u00e4ngt. Guthaben k\u00f6nnen immer zu alten Konditionen aufgebraucht werden.<br>Sofern eine Bestimmung dieser AGB unwirksam ist oder aufgrund neuer Richtlinien unwirksam wird, bleiben die \u00fcbrigen Bestimmungen davon unber\u00fchrt. Die unwirksame Bestimmung wird durch eine solche ersetzt, die dem Sinn und Zweck der unwirksamen Bestimmung in rechtwirksamer Weise wirtschaftlich am n\u00e4chsten kommt. Gleiches gilt f\u00fcr eventuelle Regelungsl\u00fccken.<\/p>\n","protected":false},"excerpt":{"rendered":"<p>Allgemeine Gesch\u00e4ftsbedingungen (AGB) von Ponyreitgl\u00fcck Carolin Chaloupka, Stand: 01.01.2023 \u00a71 Terminvereinbarung und Buchung der Reitstunden Das Reiten ist grunds\u00e4tzlich nur nach Voranmeldung zu den individuell vereinbarten Terminen m\u00f6glich. Dies geschieht pers\u00f6nlich, telefonisch oder schriftlich per Email, SMS oder WhatsApp. Nach erfolgreicher Terminvereinbarung erhalten Sie von uns eine Terminbest\u00e4tigung per Email, [&hellip;]<\/p>\n","protected":false},"author":1,"featured_media":0,"parent":0,"menu_order":0,"comment_status":"closed","ping_status":"closed","template":"","meta":{"loftloader_pro_show_once":"","loftloader_pro_page_shortcode":"[loftloader loftloader_pro_main_switch=on loftloader_pro_show_range=sitewide loftloader_pro_enable_random_message_text=\"\" loftloader_bgfilltype=solid loftloader_pro_bg_color=#000000 loftloader_bgopacity=90 loftloader_pro_bg_animation=split-h loftloader_pro_bg_gradient=\"\" loftloader_animation=imgstatic loftloader_customimg=\"https:\/\/ponyreitglueck.de\/wp-content\/uploads\/2023\/01\/cropped-logo_ponyreitglueck_1_1.png\" loftloader_imgwidth=400 loftloader_responsive_design_max_width=80 loftloader_progress=bar loftloader_barposition=middle loftloader_barwidth=30 loftloader_pro_progress_width_unit=\"\" loftloader_barheight=10 loftloader_pro_progress_color=#248acc loftloader_pro_progress_bar_enable_gradient_color=on loftloader_pro_progress_bar_gradient_start_color=#dddddd loftloader_pro_progress_bar_gradient_end_color=#92d662 loftloader_pro_message_text=\"\" loftloader_pro_load_time=0.0 loftloader_pro_max_load_time=15.0 loftloader_pro_device=all loftloader_pro_disable_page_scrolling=\"\" loftloader_pro_enable_close_button=on loftloader_pro_show_close_timer=15 loftloader_pro_show_close_tip=\"YmFkIG5ldHdvcmsgY29ubmVjdGlvbg==\" loftloader_pro_inner_elements_entrance_animation=\"\" loftloader_pro_inner_elements_exit_animation=\"\" loftloader_pro_adaptive_loading_screen_height_on_mobile=\"\" loftloader_pro_custom_css=\"IiI=\" loftloader_pro_detect_elements=image]","footnotes":""},"yoast_head":"<!-- This site is optimized with the Yoast SEO plugin v21.8.1 - https:\/\/yoast.com\/wordpress\/plugins\/seo\/ -->\n<title>Rechtliches - Ponyreitglueck<\/title>\n<meta name=\"robots\" content=\"index, follow, max-snippet:-1, max-image-preview:large, max-video-preview:-1\" \/>\n<link rel=\"canonical\" href=\"https:\/\/ponyreitglueck.de\/startseite\/agbs\/\" \/>\n<meta property=\"og:locale\" content=\"de_DE\" \/>\n<meta property=\"og:type\" content=\"article\" \/>\n<meta property=\"og:title\" content=\"Rechtliches - Ponyreitglueck\" \/>\n<meta property=\"og:description\" content=\"Allgemeine Gesch\u00e4ftsbedingungen (AGB) von Ponyreitgl\u00fcck Carolin Chaloupka, Stand: 01.01.2023 \u00a71 Terminvereinbarung und Buchung der Reitstunden Das Reiten ist grunds\u00e4tzlich nur nach Voranmeldung zu den individuell vereinbarten Terminen m\u00f6glich. Dies geschieht pers\u00f6nlich, telefonisch oder schriftlich per Email, SMS oder WhatsApp. Nach erfolgreicher Terminvereinbarung erhalten Sie von uns eine Terminbest\u00e4tigung per Email, [&hellip;]\" \/>\n<meta property=\"og:url\" content=\"https:\/\/ponyreitglueck.de\/startseite\/agbs\/\" \/>\n<meta property=\"og:site_name\" content=\"Ponyreitglueck\" \/>\n<meta property=\"article:publisher\" content=\"https:\/\/www.facebook.com\/profile.php?id=100089803293122\" \/>\n<meta property=\"article:modified_time\" content=\"2023-01-10T13:15:45+00:00\" \/>\n<meta name=\"twitter:card\" content=\"summary_large_image\" \/>\n<meta name=\"twitter:label1\" content=\"Gesch\u00e4tzte Lesezeit\" \/>\n\t<meta name=\"twitter:data1\" content=\"4 Minuten\" \/>\n<script type=\"application\/ld+json\" class=\"yoast-schema-graph\">{\"@context\":\"https:\/\/schema.org\",\"@graph\":[{\"@type\":\"WebPage\",\"@id\":\"https:\/\/ponyreitglueck.de\/startseite\/agbs\/\",\"url\":\"https:\/\/ponyreitglueck.de\/startseite\/agbs\/\",\"name\":\"Rechtliches - Ponyreitglueck\",\"isPartOf\":{\"@id\":\"https:\/\/ponyreitglueck.de\/startseite\/#website\"},\"datePublished\":\"2023-01-04T21:43:55+00:00\",\"dateModified\":\"2023-01-10T13:15:45+00:00\",\"breadcrumb\":{\"@id\":\"https:\/\/ponyreitglueck.de\/startseite\/agbs\/#breadcrumb\"},\"inLanguage\":\"de-DE\",\"potentialAction\":[{\"@type\":\"ReadAction\",\"target\":[\"https:\/\/ponyreitglueck.de\/startseite\/agbs\/\"]}]},{\"@type\":\"BreadcrumbList\",\"@id\":\"https:\/\/ponyreitglueck.de\/startseite\/agbs\/#breadcrumb\",\"itemListElement\":[{\"@type\":\"ListItem\",\"position\":1,\"name\":\"Startseite\",\"item\":\"https:\/\/ponyreitglueck.de\/startseite\/\"},{\"@type\":\"ListItem\",\"position\":2,\"name\":\"Rechtliches\"}]},{\"@type\":\"WebSite\",\"@id\":\"https:\/\/ponyreitglueck.de\/startseite\/#website\",\"url\":\"https:\/\/ponyreitglueck.de\/startseite\/\",\"name\":\"Ponyreitglueck\",\"description\":\"\",\"publisher\":{\"@id\":\"https:\/\/ponyreitglueck.de\/startseite\/#organization\"},\"potentialAction\":[{\"@type\":\"SearchAction\",\"target\":{\"@type\":\"EntryPoint\",\"urlTemplate\":\"https:\/\/ponyreitglueck.de\/startseite\/?s={search_term_string}\"},\"query-input\":\"required name=search_term_string\"}],\"inLanguage\":\"de-DE\"},{\"@type\":\"Organization\",\"@id\":\"https:\/\/ponyreitglueck.de\/startseite\/#organization\",\"name\":\"Ponyreitglueck\",\"url\":\"https:\/\/ponyreitglueck.de\/startseite\/\",\"logo\":{\"@type\":\"ImageObject\",\"inLanguage\":\"de-DE\",\"@id\":\"https:\/\/ponyreitglueck.de\/startseite\/#\/schema\/logo\/image\/\",\"url\":\"https:\/\/ponyreitglueck.de\/wp-content\/uploads\/2023\/01\/logo_ponyreitglueck_2_1.png\",\"contentUrl\":\"https:\/\/ponyreitglueck.de\/wp-content\/uploads\/2023\/01\/logo_ponyreitglueck_2_1.png\",\"width\":2362,\"height\":1230,\"caption\":\"Ponyreitglueck\"},\"image\":{\"@id\":\"https:\/\/ponyreitglueck.de\/startseite\/#\/schema\/logo\/image\/\"},\"sameAs\":[\"https:\/\/www.facebook.com\/profile.php?id=100089803293122\"]}]}<\/script>\n<!-- \/ Yoast SEO plugin. -->","yoast_head_json":{"title":"Rechtliches - Ponyreitglueck","robots":{"index":"index","follow":"follow","max-snippet":"max-snippet:-1","max-image-preview":"max-image-preview:large","max-video-preview":"max-video-preview:-1"},"canonical":"https:\/\/ponyreitglueck.de\/startseite\/agbs\/","og_locale":"de_DE","og_type":"article","og_title":"Rechtliches - Ponyreitglueck","og_description":"Allgemeine Gesch\u00e4ftsbedingungen (AGB) von Ponyreitgl\u00fcck Carolin Chaloupka, Stand: 01.01.2023 \u00a71 Terminvereinbarung und Buchung der Reitstunden Das Reiten ist grunds\u00e4tzlich nur nach Voranmeldung zu den individuell vereinbarten Terminen m\u00f6glich. Dies geschieht pers\u00f6nlich, telefonisch oder schriftlich per Email, SMS oder WhatsApp. Nach erfolgreicher Terminvereinbarung erhalten Sie von uns eine Terminbest\u00e4tigung per Email, [&hellip;]","og_url":"https:\/\/ponyreitglueck.de\/startseite\/agbs\/","og_site_name":"Ponyreitglueck","article_publisher":"https:\/\/www.facebook.com\/profile.php?id=100089803293122","article_modified_time":"2023-01-10T13:15:45+00:00","twitter_card":"summary_large_image","twitter_misc":{"Gesch\u00e4tzte Lesezeit":"4 Minuten"},"schema":{"@context":"https:\/\/schema.org","@graph":[{"@type":"WebPage","@id":"https:\/\/ponyreitglueck.de\/startseite\/agbs\/","url":"https:\/\/ponyreitglueck.de\/startseite\/agbs\/","name":"Rechtliches - Ponyreitglueck","isPartOf":{"@id":"https:\/\/ponyreitglueck.de\/startseite\/#website"},"datePublished":"2023-01-04T21:43:55+00:00","dateModified":"2023-01-10T13:15:45+00:00","breadcrumb":{"@id":"https:\/\/ponyreitglueck.de\/startseite\/agbs\/#breadcrumb"},"inLanguage":"de-DE","potentialAction":[{"@type":"ReadAction","target":["https:\/\/ponyreitglueck.de\/startseite\/agbs\/"]}]},{"@type":"BreadcrumbList","@id":"https:\/\/ponyreitglueck.de\/startseite\/agbs\/#breadcrumb","itemListElement":[{"@type":"ListItem","position":1,"name":"Startseite","item":"https:\/\/ponyreitglueck.de\/startseite\/"},{"@type":"ListItem","position":2,"name":"Rechtliches"}]},{"@type":"WebSite","@id":"https:\/\/ponyreitglueck.de\/startseite\/#website","url":"https:\/\/ponyreitglueck.de\/startseite\/","name":"Ponyreitglueck","description":"","publisher":{"@id":"https:\/\/ponyreitglueck.de\/startseite\/#organization"},"potentialAction":[{"@type":"SearchAction","target":{"@type":"EntryPoint","urlTemplate":"https:\/\/ponyreitglueck.de\/startseite\/?s={search_term_string}"},"query-input":"required name=search_term_string"}],"inLanguage":"de-DE"},{"@type":"Organization","@id":"https:\/\/ponyreitglueck.de\/startseite\/#organization","name":"Ponyreitglueck","url":"https:\/\/ponyreitglueck.de\/startseite\/","logo":{"@type":"ImageObject","inLanguage":"de-DE","@id":"https:\/\/ponyreitglueck.de\/startseite\/#\/schema\/logo\/image\/","url":"https:\/\/ponyreitglueck.de\/wp-content\/uploads\/2023\/01\/logo_ponyreitglueck_2_1.png","contentUrl":"https:\/\/ponyreitglueck.de\/wp-content\/uploads\/2023\/01\/logo_ponyreitglueck_2_1.png","width":2362,"height":1230,"caption":"Ponyreitglueck"},"image":{"@id":"https:\/\/ponyreitglueck.de\/startseite\/#\/schema\/logo\/image\/"},"sameAs":["https:\/\/www.facebook.com\/profile.php?id=100089803293122"]}]}},"jetpack_sharing_enabled":true,"_links":{"self":[{"href":"https:\/\/ponyreitglueck.de\/startseite\/wp-json\/wp\/v2\/pages\/166"}],"collection":[{"href":"https:\/\/ponyreitglueck.de\/startseite\/wp-json\/wp\/v2\/pages"}],"about":[{"href":"https:\/\/ponyreitglueck.de\/startseite\/wp-json\/wp\/v2\/types\/page"}],"author":[{"embeddable":true,"href":"https:\/\/ponyreitglueck.de\/startseite\/wp-json\/wp\/v2\/users\/1"}],"replies":[{"embeddable":true,"href":"https:\/\/ponyreitglueck.de\/startseite\/wp-json\/wp\/v2\/comments?post=166"}],"version-history":[{"count":3,"href":"https:\/\/ponyreitglueck.de\/startseite\/wp-json\/wp\/v2\/pages\/166\/revisions"}],"predecessor-version":[{"id":672,"href":"https:\/\/ponyreitglueck.de\/startseite\/wp-json\/wp\/v2\/pages\/166\/revisions\/672"}],"wp:attachment":[{"href":"https:\/\/ponyreitglueck.de\/startseite\/wp-json\/wp\/v2\/media?parent=166"}],"curies":[{"name":"wp","href":"https:\/\/api.w.org\/{rel}","templated":true}]}}