{"id":473,"date":"2023-01-06T21:29:33","date_gmt":"2023-01-06T21:29:33","guid":{"rendered":"http:\/\/ponyreitglueck.de\/hestia-front\/"},"modified":"2024-02-26T13:52:02","modified_gmt":"2024-02-26T13:52:02","slug":"ponyreitglueck","status":"publish","type":"page","link":"https:\/\/ponyreitglueck.de\/startseite\/","title":{"rendered":"Ponyreitgl\u00fcck"},"content":{"rendered":"\n<div class=\"wp-block-cover alignfull is-light hestia-clear-top-padding\"><span aria-hidden=\"true\" class=\"wp-block-cover__background has-white-background-color has-background-dim-100 has-background-dim\"><\/span><div class=\"wp-block-cover__inner-container is-layout-flow wp-block-cover-is-layout-flow\">\n<h2 class=\"wp-block-heading has-text-align-center has-text-color\" style=\"color:#3c4858\">Herzlich Willkommen bei PONYREITGL\u00dcCK!<\/h2>\n\n\n\n<p class=\"has-text-align-center has-text-color\" style=\"color:#999999\">Pferde und Ponys \u00fcben auf Kinder eine gro\u00dfe Anziehungskraft aus und viele Kinder sind schon von klein auf von diesen tollen Tieren begeistert. Jedoch hat leider nicht jedes Kind die M\u00f6glichkeit ein eigenes Pony zu Hause zu haben. Mein Ziel ist es allen Kindern von ca. 2 Jahren bis ins Grundschulalter das wundersch\u00f6ne Hobby Reiten spielerisch n\u00e4her zu bringen. In der Zusammenarbeit mit dem Pony lassen sich eventuelle anf\u00e4ngliche Unsicherheiten schnell beseitigen und durch Spa\u00df werden Erfolgserlebnisse entstehen. Mit dieser Basis sind die Kinder auf sp\u00e4tere Reitstunden gut vorbereitet.<\/p>\n\n\n\n<div style=\"height:50px\" aria-hidden=\"true\" class=\"wp-block-spacer\"><\/div>\n\n\n\n<h2 class=\"wp-block-heading has-text-align-center has-text-color\" style=\"color:#3c4858\">Wie Ponys die Entwicklung unserer Kinder unterst\u00fctzen<\/h2>\n\n\n\n<div class=\"wp-block-columns container is-layout-flex wp-container-core-columns-layout-1 wp-block-columns-is-layout-flex\">\n<div class=\"wp-block-column is-layout-flow wp-block-column-is-layout-flow\"><div class=\"wp-block-image\">\n<figure class=\"aligncenter size-full is-resized\"><img loading=\"lazy\" decoding=\"async\" width=\"454\" height=\"453\" src=\"http:\/\/ponyreitglueck.de\/wp-content\/uploads\/2023\/01\/Kleeblatt_001-1.png\" alt=\"\" class=\"wp-image-399\" style=\"width:114px;height:113px\" srcset=\"https:\/\/ponyreitglueck.de\/wp-content\/uploads\/2023\/01\/Kleeblatt_001-1.png 454w, https:\/\/ponyreitglueck.de\/wp-content\/uploads\/2023\/01\/Kleeblatt_001-1-230x229.png 230w, https:\/\/ponyreitglueck.de\/wp-content\/uploads\/2023\/01\/Kleeblatt_001-1-160x160.png 160w, https:\/\/ponyreitglueck.de\/wp-content\/uploads\/2023\/01\/Kleeblatt_001-1-300x300.png 300w, https:\/\/ponyreitglueck.de\/wp-content\/uploads\/2023\/01\/Kleeblatt_001-1-150x150.png 150w, https:\/\/ponyreitglueck.de\/wp-content\/uploads\/2023\/01\/Kleeblatt_001-1-144x144.png 144w\" sizes=\"(max-width: 454px) 100vw, 454px\" \/><\/figure><\/div>\n\n\n<h5 class=\"wp-block-heading has-text-align-center has-text-color\" style=\"color:#3c4858;font-size:18px\">Teamarbeit, Verantwortung, Kreativit\u00e4t<\/h5>\n\n\n\n<p class=\"has-text-align-center has-text-color\" style=\"color:#999999;font-size:14px\">Ponys sind der perfekte Partner f\u00fcr Kinder, denn in der Teamarbeit mit dem Tier werden nicht nur k\u00f6rperliche Fertigkeiten (u.a. Motorik, Koordination, Rhythmus- und K\u00f6rpergef\u00fchl), sondern auch psychische und soziale F\u00e4higkeiten (bsp. Verantwortung, Konzentration, Kreativit\u00e4t, Geduld, Selbstbewusstsein) gef\u00f6rdert.<\/p>\n\n\n\n<div style=\"height:25px\" aria-hidden=\"true\" class=\"wp-block-spacer\"><\/div>\n<\/div>\n\n\n\n<div class=\"wp-block-column is-layout-flow wp-block-column-is-layout-flow\"><div class=\"wp-block-image\">\n<figure class=\"aligncenter size-full is-resized\"><img loading=\"lazy\" decoding=\"async\" width=\"454\" height=\"453\" src=\"http:\/\/ponyreitglueck.de\/wp-content\/uploads\/2023\/01\/Kleeblatt_001-1.png\" alt=\"\" class=\"wp-image-399\" style=\"width:114px;height:113px\" srcset=\"https:\/\/ponyreitglueck.de\/wp-content\/uploads\/2023\/01\/Kleeblatt_001-1.png 454w, https:\/\/ponyreitglueck.de\/wp-content\/uploads\/2023\/01\/Kleeblatt_001-1-230x229.png 230w, https:\/\/ponyreitglueck.de\/wp-content\/uploads\/2023\/01\/Kleeblatt_001-1-160x160.png 160w, https:\/\/ponyreitglueck.de\/wp-content\/uploads\/2023\/01\/Kleeblatt_001-1-300x300.png 300w, https:\/\/ponyreitglueck.de\/wp-content\/uploads\/2023\/01\/Kleeblatt_001-1-150x150.png 150w, https:\/\/ponyreitglueck.de\/wp-content\/uploads\/2023\/01\/Kleeblatt_001-1-144x144.png 144w\" sizes=\"(max-width: 454px) 100vw, 454px\" \/><\/figure><\/div>\n\n\n<h5 class=\"wp-block-heading has-text-align-center has-text-color\" style=\"color:#3c4858;font-size:18px\">Respekt vor Lebewesen<\/h5>\n\n\n\n<p class=\"has-text-align-center has-text-color\" style=\"color:#999999;font-size:14px\">Mir ist wichtig, dass das Kind ein Gef\u00fchl f\u00fcr das Pony entwickelt. Denn, genau wie jedes andere Lebewesen, f\u00fchlt und agiert das Pony nicht jeden Tag gleich. Somit muss das Kind lernen die K\u00f6rpersprache des Ponys zu verstehen. Nur dann entwickelt sich ein harmonisches Miteinander.<\/p>\n\n\n\n<div style=\"height:25px\" aria-hidden=\"true\" class=\"wp-block-spacer\"><\/div>\n<\/div>\n\n\n\n<div class=\"wp-block-column is-layout-flow wp-block-column-is-layout-flow\"><div class=\"wp-block-image\">\n<figure class=\"aligncenter size-full is-resized\"><img loading=\"lazy\" decoding=\"async\" width=\"454\" height=\"453\" src=\"http:\/\/ponyreitglueck.de\/wp-content\/uploads\/2023\/01\/Kleeblatt_001-1.png\" alt=\"\" class=\"wp-image-399\" style=\"width:114px;height:113px\" srcset=\"https:\/\/ponyreitglueck.de\/wp-content\/uploads\/2023\/01\/Kleeblatt_001-1.png 454w, https:\/\/ponyreitglueck.de\/wp-content\/uploads\/2023\/01\/Kleeblatt_001-1-230x229.png 230w, https:\/\/ponyreitglueck.de\/wp-content\/uploads\/2023\/01\/Kleeblatt_001-1-160x160.png 160w, https:\/\/ponyreitglueck.de\/wp-content\/uploads\/2023\/01\/Kleeblatt_001-1-300x300.png 300w, https:\/\/ponyreitglueck.de\/wp-content\/uploads\/2023\/01\/Kleeblatt_001-1-150x150.png 150w, https:\/\/ponyreitglueck.de\/wp-content\/uploads\/2023\/01\/Kleeblatt_001-1-144x144.png 144w\" sizes=\"(max-width: 454px) 100vw, 454px\" \/><\/figure><\/div>\n\n\n<h5 class=\"wp-block-heading has-text-align-center has-text-color\" style=\"color:#3c4858;font-size:18px\">Im Hier und Jetzt<\/h5>\n\n\n\n<p class=\"has-text-align-center has-text-color\" style=\"color:#999999;font-size:14px\">Pferde reagieren stets ehrlich, deutlich, naturverbunden und gegenw\u00e4rtig.<\/p>\n\n\n\n<div style=\"height:25px\" aria-hidden=\"true\" class=\"wp-block-spacer\"><\/div>\n<\/div>\n<\/div>\n\n\n\n<div style=\"height:40px\" aria-hidden=\"true\" class=\"wp-block-spacer\"><\/div>\n<\/div><\/div>\n\n\n\n<div class=\"wp-block-columns container is-layout-flex wp-container-core-columns-layout-2 wp-block-columns-is-layout-flex\">\n<div class=\"wp-block-column col-md-5 is-layout-flow wp-block-column-is-layout-flow\">\n<div style=\"height:55px\" aria-hidden=\"true\" class=\"wp-block-spacer\"><\/div>\n\n\n\n<h2 class=\"wp-block-heading\">\u00dcber uns<\/h2>\n\n\n\n<p>Wir erfreuen uns an dem Wohlergehen unserer Pferde. Deshalb legen wir sehr viel Wert darauf den Pferden einen m\u00f6glichst nat\u00fcrlichen Lebensraum zu bieten. Unsere Tiere stehen t\u00e4glich bis zum sp\u00e4ten Nachmittag auf der Koppel und k\u00f6nnen sich dort innerhalb ihrer Herde austoben. Selbstverst\u00e4ndlich werden sie regelm\u00e4\u00dfig dem Hufschmied sowie dem Tierarzt vorgestellt.    Denn: Nur gesunde und ausgeglichene Pferde sind gl\u00fcckliche Pferde!<\/p>\n\n\n\n<p><a href=\"https:\/\/ponyreitglueck.de\/ueber-uns\" data-type=\"URL\" data-id=\"https:\/\/ponyreitglueck.de\/ueber-uns\">Erfahre hier mehr \u00fcber uns!<\/a><\/p>\n<\/div>\n\n\n\n<div class=\"wp-block-column col-md-6 col-md-offset1 is-layout-flow wp-block-column-is-layout-flow\">\n<div style=\"height:55px\" aria-hidden=\"true\" class=\"wp-block-spacer\"><\/div>\n\n\n\n<div style=\"height:50px\" aria-hidden=\"true\" class=\"wp-block-spacer\"><\/div>\n\n\n\n<figure class=\"wp-block-image size-large\"><img loading=\"lazy\" decoding=\"async\" width=\"1024\" height=\"533\" src=\"http:\/\/ponyreitglueck.de\/wp-content\/uploads\/2023\/01\/logo_ponyreitglueck_2_1-1024x533.png\" alt=\"\" class=\"wp-image-436\" srcset=\"https:\/\/ponyreitglueck.de\/wp-content\/uploads\/2023\/01\/logo_ponyreitglueck_2_1-1024x533.png 1024w, https:\/\/ponyreitglueck.de\/wp-content\/uploads\/2023\/01\/logo_ponyreitglueck_2_1-230x120.png 230w, https:\/\/ponyreitglueck.de\/wp-content\/uploads\/2023\/01\/logo_ponyreitglueck_2_1-600x312.png 600w, https:\/\/ponyreitglueck.de\/wp-content\/uploads\/2023\/01\/logo_ponyreitglueck_2_1-300x156.png 300w, https:\/\/ponyreitglueck.de\/wp-content\/uploads\/2023\/01\/logo_ponyreitglueck_2_1-768x400.png 768w, https:\/\/ponyreitglueck.de\/wp-content\/uploads\/2023\/01\/logo_ponyreitglueck_2_1-1536x800.png 1536w, https:\/\/ponyreitglueck.de\/wp-content\/uploads\/2023\/01\/logo_ponyreitglueck_2_1-2048x1066.png 2048w\" sizes=\"(max-width: 1024px) 100vw, 1024px\" \/><\/figure>\n\n\n\n<p><\/p>\n<\/div>\n<\/div>\n","protected":false},"excerpt":{"rendered":"<p>\u00dcber uns Wir erfreuen uns an dem Wohlergehen unserer Pferde. Deshalb legen wir sehr viel Wert darauf den Pferden einen m\u00f6glichst nat\u00fcrlichen Lebensraum zu bieten. Unsere Tiere stehen t\u00e4glich bis zum sp\u00e4ten Nachmittag auf der Koppel und k\u00f6nnen sich dort innerhalb ihrer Herde austoben. Selbstverst\u00e4ndlich werden sie regelm\u00e4\u00dfig dem Hufschmied [&hellip;]<\/p>\n","protected":false},"author":1,"featured_media":483,"parent":0,"menu_order":0,"comment_status":"closed","ping_status":"closed","template":"","meta":{"loftloader_pro_show_once":"","loftloader_pro_page_shortcode":"","footnotes":""},"yoast_head":"<!-- This site is optimized with the Yoast SEO plugin v21.8.1 - https:\/\/yoast.com\/wordpress\/plugins\/seo\/ -->\n<title>Ponyreiten f\u00fcr Kinder in Erbenschwang bei Schongau<\/title>\n<meta name=\"description\" content=\"Ponyreiten f\u00fcr Kinder im Alter von 2 Jahren bis ins Grundschulalter bei Schongau. Unser Einzugsgebiet: das westliche Oberbayern bis ins Allg\u00e4u\" \/>\n<meta name=\"robots\" content=\"index, follow, max-snippet:-1, max-image-preview:large, max-video-preview:-1\" \/>\n<link rel=\"canonical\" href=\"https:\/\/ponyreitglueck.de\/startseite\/\" \/>\n<meta property=\"og:locale\" content=\"de_DE\" \/>\n<meta property=\"og:type\" content=\"article\" \/>\n<meta property=\"og:title\" content=\"Ponyreiten f\u00fcr Kinder in Erbenschwang bei Schongau\" \/>\n<meta property=\"og:description\" content=\"Ponyreiten f\u00fcr Kinder im Alter von 2 Jahren bis ins Grundschulalter bei Schongau. Unser Einzugsgebiet: das westliche Oberbayern bis ins Allg\u00e4u\" \/>\n<meta property=\"og:url\" content=\"https:\/\/ponyreitglueck.de\/startseite\/\" \/>\n<meta property=\"og:site_name\" content=\"Ponyreitglueck\" \/>\n<meta property=\"article:publisher\" content=\"https:\/\/www.facebook.com\/profile.php?id=100089803293122\" \/>\n<meta property=\"article:modified_time\" content=\"2024-02-26T13:52:02+00:00\" \/>\n<meta property=\"og:image\" content=\"https:\/\/ponyreitglueck.de\/wp-content\/uploads\/2023\/01\/IMG_4294-scaled.jpg\" \/>\n\t<meta property=\"og:image:width\" content=\"2560\" \/>\n\t<meta property=\"og:image:height\" content=\"1707\" \/>\n\t<meta property=\"og:image:type\" content=\"image\/jpeg\" \/>\n<meta name=\"twitter:card\" content=\"summary_large_image\" \/>\n<meta name=\"twitter:label1\" content=\"Gesch\u00e4tzte Lesezeit\" \/>\n\t<meta name=\"twitter:data1\" content=\"3 Minuten\" \/>\n<script type=\"application\/ld+json\" class=\"yoast-schema-graph\">{\"@context\":\"https:\/\/schema.org\",\"@graph\":[{\"@type\":\"WebPage\",\"@id\":\"https:\/\/ponyreitglueck.de\/startseite\/\",\"url\":\"https:\/\/ponyreitglueck.de\/startseite\/\",\"name\":\"Ponyreiten f\u00fcr Kinder in Erbenschwang bei Schongau\",\"isPartOf\":{\"@id\":\"https:\/\/ponyreitglueck.de\/startseite\/#website\"},\"datePublished\":\"2023-01-06T21:29:33+00:00\",\"dateModified\":\"2024-02-26T13:52:02+00:00\",\"description\":\"Ponyreiten f\u00fcr Kinder im Alter von 2 Jahren bis ins Grundschulalter bei Schongau. Unser Einzugsgebiet: das westliche Oberbayern bis ins Allg\u00e4u\",\"breadcrumb\":{\"@id\":\"https:\/\/ponyreitglueck.de\/startseite\/#breadcrumb\"},\"inLanguage\":\"de-DE\",\"potentialAction\":[{\"@type\":\"ReadAction\",\"target\":[\"https:\/\/ponyreitglueck.de\/startseite\/\"]}]},{\"@type\":\"BreadcrumbList\",\"@id\":\"https:\/\/ponyreitglueck.de\/startseite\/#breadcrumb\",\"itemListElement\":[{\"@type\":\"ListItem\",\"position\":1,\"name\":\"Startseite\",\"item\":\"https:\/\/ponyreitglueck.de\/startseite\/\"},{\"@type\":\"ListItem\",\"position\":2,\"name\":\"Ponyreitgl\u00fcck\"}]},{\"@type\":\"WebSite\",\"@id\":\"https:\/\/ponyreitglueck.de\/startseite\/#website\",\"url\":\"https:\/\/ponyreitglueck.de\/startseite\/\",\"name\":\"Ponyreitglueck\",\"description\":\"\",\"publisher\":{\"@id\":\"https:\/\/ponyreitglueck.de\/startseite\/#organization\"},\"potentialAction\":[{\"@type\":\"SearchAction\",\"target\":{\"@type\":\"EntryPoint\",\"urlTemplate\":\"https:\/\/ponyreitglueck.de\/startseite\/?s={search_term_string}\"},\"query-input\":\"required name=search_term_string\"}],\"inLanguage\":\"de-DE\"},{\"@type\":\"Organization\",\"@id\":\"https:\/\/ponyreitglueck.de\/startseite\/#organization\",\"name\":\"Ponyreitglueck\",\"url\":\"https:\/\/ponyreitglueck.de\/startseite\/\",\"logo\":{\"@type\":\"ImageObject\",\"inLanguage\":\"de-DE\",\"@id\":\"https:\/\/ponyreitglueck.de\/startseite\/#\/schema\/logo\/image\/\",\"url\":\"https:\/\/ponyreitglueck.de\/wp-content\/uploads\/2023\/01\/logo_ponyreitglueck_2_1.png\",\"contentUrl\":\"https:\/\/ponyreitglueck.de\/wp-content\/uploads\/2023\/01\/logo_ponyreitglueck_2_1.png\",\"width\":2362,\"height\":1230,\"caption\":\"Ponyreitglueck\"},\"image\":{\"@id\":\"https:\/\/ponyreitglueck.de\/startseite\/#\/schema\/logo\/image\/\"},\"sameAs\":[\"https:\/\/www.facebook.com\/profile.php?id=100089803293122\"]}]}<\/script>\n<!-- \/ Yoast SEO plugin. -->","yoast_head_json":{"title":"Ponyreiten f\u00fcr Kinder in Erbenschwang bei Schongau","description":"Ponyreiten f\u00fcr Kinder im Alter von 2 Jahren bis ins Grundschulalter bei Schongau. Unser Einzugsgebiet: das westliche Oberbayern bis ins Allg\u00e4u","robots":{"index":"index","follow":"follow","max-snippet":"max-snippet:-1","max-image-preview":"max-image-preview:large","max-video-preview":"max-video-preview:-1"},"canonical":"https:\/\/ponyreitglueck.de\/startseite\/","og_locale":"de_DE","og_type":"article","og_title":"Ponyreiten f\u00fcr Kinder in Erbenschwang bei Schongau","og_description":"Ponyreiten f\u00fcr Kinder im Alter von 2 Jahren bis ins Grundschulalter bei Schongau. Unser Einzugsgebiet: das westliche Oberbayern bis ins Allg\u00e4u","og_url":"https:\/\/ponyreitglueck.de\/startseite\/","og_site_name":"Ponyreitglueck","article_publisher":"https:\/\/www.facebook.com\/profile.php?id=100089803293122","article_modified_time":"2024-02-26T13:52:02+00:00","og_image":[{"width":2560,"height":1707,"url":"https:\/\/ponyreitglueck.de\/wp-content\/uploads\/2023\/01\/IMG_4294-scaled.jpg","type":"image\/jpeg"}],"twitter_card":"summary_large_image","twitter_misc":{"Gesch\u00e4tzte Lesezeit":"3 Minuten"},"schema":{"@context":"https:\/\/schema.org","@graph":[{"@type":"WebPage","@id":"https:\/\/ponyreitglueck.de\/startseite\/","url":"https:\/\/ponyreitglueck.de\/startseite\/","name":"Ponyreiten f\u00fcr Kinder in Erbenschwang bei Schongau","isPartOf":{"@id":"https:\/\/ponyreitglueck.de\/startseite\/#website"},"datePublished":"2023-01-06T21:29:33+00:00","dateModified":"2024-02-26T13:52:02+00:00","description":"Ponyreiten f\u00fcr Kinder im Alter von 2 Jahren bis ins Grundschulalter bei Schongau. Unser Einzugsgebiet: das westliche Oberbayern bis ins Allg\u00e4u","breadcrumb":{"@id":"https:\/\/ponyreitglueck.de\/startseite\/#breadcrumb"},"inLanguage":"de-DE","potentialAction":[{"@type":"ReadAction","target":["https:\/\/ponyreitglueck.de\/startseite\/"]}]},{"@type":"BreadcrumbList","@id":"https:\/\/ponyreitglueck.de\/startseite\/#breadcrumb","itemListElement":[{"@type":"ListItem","position":1,"name":"Startseite","item":"https:\/\/ponyreitglueck.de\/startseite\/"},{"@type":"ListItem","position":2,"name":"Ponyreitgl\u00fcck"}]},{"@type":"WebSite","@id":"https:\/\/ponyreitglueck.de\/startseite\/#website","url":"https:\/\/ponyreitglueck.de\/startseite\/","name":"Ponyreitglueck","description":"","publisher":{"@id":"https:\/\/ponyreitglueck.de\/startseite\/#organization"},"potentialAction":[{"@type":"SearchAction","target":{"@type":"EntryPoint","urlTemplate":"https:\/\/ponyreitglueck.de\/startseite\/?s={search_term_string}"},"query-input":"required name=search_term_string"}],"inLanguage":"de-DE"},{"@type":"Organization","@id":"https:\/\/ponyreitglueck.de\/startseite\/#organization","name":"Ponyreitglueck","url":"https:\/\/ponyreitglueck.de\/startseite\/","logo":{"@type":"ImageObject","inLanguage":"de-DE","@id":"https:\/\/ponyreitglueck.de\/startseite\/#\/schema\/logo\/image\/","url":"https:\/\/ponyreitglueck.de\/wp-content\/uploads\/2023\/01\/logo_ponyreitglueck_2_1.png","contentUrl":"https:\/\/ponyreitglueck.de\/wp-content\/uploads\/2023\/01\/logo_ponyreitglueck_2_1.png","width":2362,"height":1230,"caption":"Ponyreitglueck"},"image":{"@id":"https:\/\/ponyreitglueck.de\/startseite\/#\/schema\/logo\/image\/"},"sameAs":["https:\/\/www.facebook.com\/profile.php?id=100089803293122"]}]}},"jetpack_sharing_enabled":true,"_links":{"self":[{"href":"https:\/\/ponyreitglueck.de\/startseite\/wp-json\/wp\/v2\/pages\/473"}],"collection":[{"href":"https:\/\/ponyreitglueck.de\/startseite\/wp-json\/wp\/v2\/pages"}],"about":[{"href":"https:\/\/ponyreitglueck.de\/startseite\/wp-json\/wp\/v2\/types\/page"}],"author":[{"embeddable":true,"href":"https:\/\/ponyreitglueck.de\/startseite\/wp-json\/wp\/v2\/users\/1"}],"replies":[{"embeddable":true,"href":"https:\/\/ponyreitglueck.de\/startseite\/wp-json\/wp\/v2\/comments?post=473"}],"version-history":[{"count":14,"href":"https:\/\/ponyreitglueck.de\/startseite\/wp-json\/wp\/v2\/pages\/473\/revisions"}],"predecessor-version":[{"id":785,"href":"https:\/\/ponyreitglueck.de\/startseite\/wp-json\/wp\/v2\/pages\/473\/revisions\/785"}],"wp:featuredmedia":[{"embeddable":true,"href":"https:\/\/ponyreitglueck.de\/startseite\/wp-json\/wp\/v2\/media\/483"}],"wp:attachment":[{"href":"https:\/\/ponyreitglueck.de\/startseite\/wp-json\/wp\/v2\/media?parent=473"}],"curies":[{"name":"wp","href":"https:\/\/api.w.org\/{rel}","templated":true}]}}