{"id":84,"date":"2023-01-03T21:48:47","date_gmt":"2023-01-03T20:48:47","guid":{"rendered":"http:\/\/ponyreitglueck.de\/?page_id=84"},"modified":"2023-01-17T19:58:37","modified_gmt":"2023-01-17T19:58:37","slug":"ueber-uns","status":"publish","type":"page","link":"https:\/\/ponyreitglueck.de\/startseite\/ueber-uns\/","title":{"rendered":"\u00dcber uns"},"content":{"rendered":"\n<div class=\"wp-block-media-text alignwide has-media-on-the-right is-stacked-on-mobile is-vertically-aligned-center has-background-color-background-color has-background\"><div class=\"wp-block-media-text__content\">\n<div class=\"wp-block-group has-small-font-size is-layout-flow wp-block-group-is-layout-flow\" style=\"padding-top:2em;padding-right:2em;padding-bottom:2em;padding-left:2em\"><div class=\"wp-block-group__inner-container\">\n<p class=\"has-small-font-size\">Mein Name ist Caro und ich bin von klein auf von der Pferdewelt fasziniert. Meine ersten Reitstunden hatte ich im Alter von 6 Jahren, bevor sich meine Mama, ebenfalls verr\u00fcckt nach Pferden, ein paar Jahre sp\u00e4ter ein eigenes Pferd kaufte. Dadurch hatte ich die M\u00f6glichkeit noch tiefer in das Thema einzusteigen und habe jede freie Minute im Reitstall verbracht.<\/p>\n\n\n\n<p>Als ich 15 Jahre als war kauften sich meine Eltern einen kleinen Pferdehof mit 11 Boxen hier in Erbenschwang. Etwa zur gleichen Zeit bekam ich mein eigenes Pferd Uli, eine Lusitano Stute. Da sie noch jung und sehr schwierig im Umgang war, musste ich vorerst einige Zeit in Bodenarbeit investieren, bevor es \u00fcberhaupt m\u00f6glich war auf ihr zu reiten. Wenn ich heute zur\u00fcckblicke, haben wir das gemeinsam aber gut hinbekommen und mittlerweile kann Uli ihren Ruhestand auf unserem Hof in vollen Z\u00fcgen genie\u00dfen!<\/p>\n\n\n\n<p>In der Zwischenzeit habe ich zusammen mit meinem Mann zwei M\u00e4dels bekommen, die auch schon von dem Pferdevirus angesteckt wurden.<\/p>\n\n\n\n<p>Zusammen mit Ida starte ich nun 2023 meinen Traum vom Ponyreitgl\u00fcck f\u00fcr pferdebegeisterte Kinder!<\/p>\n\n\n\n<p>Ich freue mich auf euch!<\/p>\n\n\n\n<p class=\"has-extra-small-font-size\"><\/p>\n<\/div><\/div>\n<\/div><figure class=\"wp-block-media-text__media\"><img loading=\"lazy\" decoding=\"async\" width=\"683\" height=\"1024\" src=\"https:\/\/ponyreitglueck.de\/wp-content\/uploads\/2023\/01\/Caro_SummerDreaming_-192-von-306-683x1024.jpg\" alt=\"\" class=\"wp-image-700 size-full\" srcset=\"https:\/\/ponyreitglueck.de\/wp-content\/uploads\/2023\/01\/Caro_SummerDreaming_-192-von-306-683x1024.jpg 683w, https:\/\/ponyreitglueck.de\/wp-content\/uploads\/2023\/01\/Caro_SummerDreaming_-192-von-306-200x300.jpg 200w, https:\/\/ponyreitglueck.de\/wp-content\/uploads\/2023\/01\/Caro_SummerDreaming_-192-von-306-768x1152.jpg 768w, https:\/\/ponyreitglueck.de\/wp-content\/uploads\/2023\/01\/Caro_SummerDreaming_-192-von-306-1024x1536.jpg 1024w, https:\/\/ponyreitglueck.de\/wp-content\/uploads\/2023\/01\/Caro_SummerDreaming_-192-von-306-1365x2048.jpg 1365w, https:\/\/ponyreitglueck.de\/wp-content\/uploads\/2023\/01\/Caro_SummerDreaming_-192-von-306-230x345.jpg 230w, https:\/\/ponyreitglueck.de\/wp-content\/uploads\/2023\/01\/Caro_SummerDreaming_-192-von-306-600x900.jpg 600w, https:\/\/ponyreitglueck.de\/wp-content\/uploads\/2023\/01\/Caro_SummerDreaming_-192-von-306-scaled.jpg 1707w\" sizes=\"(max-width: 683px) 100vw, 683px\" \/><\/figure><\/div>\n\n\n\n<div class=\"wp-block-media-text alignwide is-stacked-on-mobile is-vertically-aligned-center has-background-color-background-color has-background\" id=\"ueberunsida-anker\"><figure class=\"wp-block-media-text__media\"><img loading=\"lazy\" decoding=\"async\" width=\"683\" height=\"1024\" src=\"https:\/\/ponyreitglueck.de\/wp-content\/uploads\/2023\/01\/Reitpony_Ida-683x1024.jpg\" alt=\"\" class=\"wp-image-514 size-full\" srcset=\"https:\/\/ponyreitglueck.de\/wp-content\/uploads\/2023\/01\/Reitpony_Ida-683x1024.jpg 683w, https:\/\/ponyreitglueck.de\/wp-content\/uploads\/2023\/01\/Reitpony_Ida-scaled-230x345.jpg 230w, https:\/\/ponyreitglueck.de\/wp-content\/uploads\/2023\/01\/Reitpony_Ida-scaled-600x900.jpg 600w, https:\/\/ponyreitglueck.de\/wp-content\/uploads\/2023\/01\/Reitpony_Ida-200x300.jpg 200w, https:\/\/ponyreitglueck.de\/wp-content\/uploads\/2023\/01\/Reitpony_Ida-768x1152.jpg 768w, https:\/\/ponyreitglueck.de\/wp-content\/uploads\/2023\/01\/Reitpony_Ida-1024x1536.jpg 1024w, https:\/\/ponyreitglueck.de\/wp-content\/uploads\/2023\/01\/Reitpony_Ida-1365x2048.jpg 1365w, https:\/\/ponyreitglueck.de\/wp-content\/uploads\/2023\/01\/Reitpony_Ida-scaled.jpg 1707w\" sizes=\"(max-width: 683px) 100vw, 683px\" \/><\/figure><div class=\"wp-block-media-text__content\">\n<div class=\"wp-block-group is-layout-flow wp-block-group-is-layout-flow\" style=\"padding-top:2em;padding-right:2em;padding-bottom:2em;padding-left:2em\"><div class=\"wp-block-group__inner-container\">\n<h2 class=\"wp-block-heading\">Reitpony Ida<\/h2>\n\n\n\n<p class=\"has-medium-font-size\">Geboren: 2015<br>Geschlecht: Stute<br>Rasse: Shetlandpony<br>Gr\u00f6\u00dfe: 1,05m<br>Farbe: Brauntigerschecke<strong><br><\/strong><br>\u201eGro\u00dfes Gl\u00fcck im Kleinen\u201c<strong> &#8211; <\/strong>Das trifft genau auf Ida zu.<\/p>\n\n\n\n<p class=\"has-medium-font-size\">Sie ist nervenstark und robust, Ida ist f\u00fcr jeden Spa\u00df zu haben &#8211;&nbsp; Sie ist unsere kleine Schmusekugel. Ida liebt es umsorgt und gekuschelt zu werden.<\/p>\n\n\n\n<p class=\"has-extra-small-font-size\"><\/p>\n<\/div><\/div>\n<\/div><\/div>\n","protected":false},"excerpt":{"rendered":"","protected":false},"author":1,"featured_media":0,"parent":0,"menu_order":0,"comment_status":"closed","ping_status":"closed","template":"","meta":{"loftloader_pro_show_once":"","loftloader_pro_page_shortcode":"[loftloader loftloader_pro_main_switch=on loftloader_pro_show_range=sitewide loftloader_pro_enable_random_message_text=\"\" loftloader_bgfilltype=solid loftloader_pro_bg_color=#000000 loftloader_bgopacity=90 loftloader_pro_bg_animation=split-h loftloader_pro_bg_gradient=\"\" loftloader_animation=imgstatic loftloader_customimg=\"https:\/\/ponyreitglueck.de\/wp-content\/uploads\/2023\/01\/cropped-logo_ponyreitglueck_1_1.png\" loftloader_imgwidth=400 loftloader_responsive_design_max_width=80 loftloader_progress=bar loftloader_barposition=middle loftloader_barwidth=30 loftloader_pro_progress_width_unit=\"\" loftloader_barheight=10 loftloader_pro_progress_color=#248acc loftloader_pro_progress_bar_enable_gradient_color=on loftloader_pro_progress_bar_gradient_start_color=#dddddd loftloader_pro_progress_bar_gradient_end_color=#92d662 loftloader_pro_message_text=\"\" loftloader_pro_load_time=0.0 loftloader_pro_max_load_time=15.0 loftloader_pro_device=all loftloader_pro_disable_page_scrolling=\"\" loftloader_pro_enable_close_button=on loftloader_pro_show_close_timer=15 loftloader_pro_show_close_tip=\"YmFkIG5ldHdvcmsgY29ubmVjdGlvbg==\" loftloader_pro_inner_elements_entrance_animation=\"\" loftloader_pro_inner_elements_exit_animation=\"\" loftloader_pro_adaptive_loading_screen_height_on_mobile=\"\" loftloader_pro_custom_css=\"IiI=\" loftloader_pro_detect_elements=image]","footnotes":""},"yoast_head":"<!-- This site is optimized with the Yoast SEO plugin v21.8.1 - https:\/\/yoast.com\/wordpress\/plugins\/seo\/ -->\n<title>\u00dcber uns - Ponyreitglueck<\/title>\n<meta name=\"robots\" content=\"index, follow, max-snippet:-1, max-image-preview:large, max-video-preview:-1\" \/>\n<link rel=\"canonical\" href=\"https:\/\/ponyreitglueck.de\/startseite\/ueber-uns\/\" \/>\n<meta property=\"og:locale\" content=\"de_DE\" \/>\n<meta property=\"og:type\" content=\"article\" \/>\n<meta property=\"og:title\" content=\"\u00dcber uns - Ponyreitglueck\" \/>\n<meta property=\"og:url\" content=\"https:\/\/ponyreitglueck.de\/startseite\/ueber-uns\/\" \/>\n<meta property=\"og:site_name\" content=\"Ponyreitglueck\" \/>\n<meta property=\"article:publisher\" content=\"https:\/\/www.facebook.com\/profile.php?id=100089803293122\" \/>\n<meta property=\"article:modified_time\" content=\"2023-01-17T19:58:37+00:00\" \/>\n<meta property=\"og:image\" content=\"https:\/\/ponyreitglueck.de\/wp-content\/uploads\/2023\/01\/Caro_SummerDreaming_-192-von-306-683x1024.jpg\" \/>\n<meta name=\"twitter:card\" content=\"summary_large_image\" \/>\n<meta name=\"twitter:label1\" content=\"Gesch\u00e4tzte Lesezeit\" \/>\n\t<meta name=\"twitter:data1\" content=\"1 Minute\" \/>\n<script type=\"application\/ld+json\" class=\"yoast-schema-graph\">{\"@context\":\"https:\/\/schema.org\",\"@graph\":[{\"@type\":\"WebPage\",\"@id\":\"https:\/\/ponyreitglueck.de\/startseite\/ueber-uns\/\",\"url\":\"https:\/\/ponyreitglueck.de\/startseite\/ueber-uns\/\",\"name\":\"\u00dcber uns - Ponyreitglueck\",\"isPartOf\":{\"@id\":\"https:\/\/ponyreitglueck.de\/startseite\/#website\"},\"datePublished\":\"2023-01-03T20:48:47+00:00\",\"dateModified\":\"2023-01-17T19:58:37+00:00\",\"breadcrumb\":{\"@id\":\"https:\/\/ponyreitglueck.de\/startseite\/ueber-uns\/#breadcrumb\"},\"inLanguage\":\"de-DE\",\"potentialAction\":[{\"@type\":\"ReadAction\",\"target\":[\"https:\/\/ponyreitglueck.de\/startseite\/ueber-uns\/\"]}]},{\"@type\":\"BreadcrumbList\",\"@id\":\"https:\/\/ponyreitglueck.de\/startseite\/ueber-uns\/#breadcrumb\",\"itemListElement\":[{\"@type\":\"ListItem\",\"position\":1,\"name\":\"Startseite\",\"item\":\"https:\/\/ponyreitglueck.de\/startseite\/\"},{\"@type\":\"ListItem\",\"position\":2,\"name\":\"\u00dcber uns\"}]},{\"@type\":\"WebSite\",\"@id\":\"https:\/\/ponyreitglueck.de\/startseite\/#website\",\"url\":\"https:\/\/ponyreitglueck.de\/startseite\/\",\"name\":\"Ponyreitglueck\",\"description\":\"\",\"publisher\":{\"@id\":\"https:\/\/ponyreitglueck.de\/startseite\/#organization\"},\"potentialAction\":[{\"@type\":\"SearchAction\",\"target\":{\"@type\":\"EntryPoint\",\"urlTemplate\":\"https:\/\/ponyreitglueck.de\/startseite\/?s={search_term_string}\"},\"query-input\":\"required name=search_term_string\"}],\"inLanguage\":\"de-DE\"},{\"@type\":\"Organization\",\"@id\":\"https:\/\/ponyreitglueck.de\/startseite\/#organization\",\"name\":\"Ponyreitglueck\",\"url\":\"https:\/\/ponyreitglueck.de\/startseite\/\",\"logo\":{\"@type\":\"ImageObject\",\"inLanguage\":\"de-DE\",\"@id\":\"https:\/\/ponyreitglueck.de\/startseite\/#\/schema\/logo\/image\/\",\"url\":\"https:\/\/ponyreitglueck.de\/wp-content\/uploads\/2023\/01\/logo_ponyreitglueck_2_1.png\",\"contentUrl\":\"https:\/\/ponyreitglueck.de\/wp-content\/uploads\/2023\/01\/logo_ponyreitglueck_2_1.png\",\"width\":2362,\"height\":1230,\"caption\":\"Ponyreitglueck\"},\"image\":{\"@id\":\"https:\/\/ponyreitglueck.de\/startseite\/#\/schema\/logo\/image\/\"},\"sameAs\":[\"https:\/\/www.facebook.com\/profile.php?id=100089803293122\"]}]}<\/script>\n<!-- \/ Yoast SEO plugin. -->","yoast_head_json":{"title":"\u00dcber uns - Ponyreitglueck","robots":{"index":"index","follow":"follow","max-snippet":"max-snippet:-1","max-image-preview":"max-image-preview:large","max-video-preview":"max-video-preview:-1"},"canonical":"https:\/\/ponyreitglueck.de\/startseite\/ueber-uns\/","og_locale":"de_DE","og_type":"article","og_title":"\u00dcber uns - Ponyreitglueck","og_url":"https:\/\/ponyreitglueck.de\/startseite\/ueber-uns\/","og_site_name":"Ponyreitglueck","article_publisher":"https:\/\/www.facebook.com\/profile.php?id=100089803293122","article_modified_time":"2023-01-17T19:58:37+00:00","og_image":[{"url":"https:\/\/ponyreitglueck.de\/wp-content\/uploads\/2023\/01\/Caro_SummerDreaming_-192-von-306-683x1024.jpg"}],"twitter_card":"summary_large_image","twitter_misc":{"Gesch\u00e4tzte Lesezeit":"1 Minute"},"schema":{"@context":"https:\/\/schema.org","@graph":[{"@type":"WebPage","@id":"https:\/\/ponyreitglueck.de\/startseite\/ueber-uns\/","url":"https:\/\/ponyreitglueck.de\/startseite\/ueber-uns\/","name":"\u00dcber uns - Ponyreitglueck","isPartOf":{"@id":"https:\/\/ponyreitglueck.de\/startseite\/#website"},"datePublished":"2023-01-03T20:48:47+00:00","dateModified":"2023-01-17T19:58:37+00:00","breadcrumb":{"@id":"https:\/\/ponyreitglueck.de\/startseite\/ueber-uns\/#breadcrumb"},"inLanguage":"de-DE","potentialAction":[{"@type":"ReadAction","target":["https:\/\/ponyreitglueck.de\/startseite\/ueber-uns\/"]}]},{"@type":"BreadcrumbList","@id":"https:\/\/ponyreitglueck.de\/startseite\/ueber-uns\/#breadcrumb","itemListElement":[{"@type":"ListItem","position":1,"name":"Startseite","item":"https:\/\/ponyreitglueck.de\/startseite\/"},{"@type":"ListItem","position":2,"name":"\u00dcber uns"}]},{"@type":"WebSite","@id":"https:\/\/ponyreitglueck.de\/startseite\/#website","url":"https:\/\/ponyreitglueck.de\/startseite\/","name":"Ponyreitglueck","description":"","publisher":{"@id":"https:\/\/ponyreitglueck.de\/startseite\/#organization"},"potentialAction":[{"@type":"SearchAction","target":{"@type":"EntryPoint","urlTemplate":"https:\/\/ponyreitglueck.de\/startseite\/?s={search_term_string}"},"query-input":"required name=search_term_string"}],"inLanguage":"de-DE"},{"@type":"Organization","@id":"https:\/\/ponyreitglueck.de\/startseite\/#organization","name":"Ponyreitglueck","url":"https:\/\/ponyreitglueck.de\/startseite\/","logo":{"@type":"ImageObject","inLanguage":"de-DE","@id":"https:\/\/ponyreitglueck.de\/startseite\/#\/schema\/logo\/image\/","url":"https:\/\/ponyreitglueck.de\/wp-content\/uploads\/2023\/01\/logo_ponyreitglueck_2_1.png","contentUrl":"https:\/\/ponyreitglueck.de\/wp-content\/uploads\/2023\/01\/logo_ponyreitglueck_2_1.png","width":2362,"height":1230,"caption":"Ponyreitglueck"},"image":{"@id":"https:\/\/ponyreitglueck.de\/startseite\/#\/schema\/logo\/image\/"},"sameAs":["https:\/\/www.facebook.com\/profile.php?id=100089803293122"]}]}},"jetpack_sharing_enabled":true,"_links":{"self":[{"href":"https:\/\/ponyreitglueck.de\/startseite\/wp-json\/wp\/v2\/pages\/84"}],"collection":[{"href":"https:\/\/ponyreitglueck.de\/startseite\/wp-json\/wp\/v2\/pages"}],"about":[{"href":"https:\/\/ponyreitglueck.de\/startseite\/wp-json\/wp\/v2\/types\/page"}],"author":[{"embeddable":true,"href":"https:\/\/ponyreitglueck.de\/startseite\/wp-json\/wp\/v2\/users\/1"}],"replies":[{"embeddable":true,"href":"https:\/\/ponyreitglueck.de\/startseite\/wp-json\/wp\/v2\/comments?post=84"}],"version-history":[{"count":6,"href":"https:\/\/ponyreitglueck.de\/startseite\/wp-json\/wp\/v2\/pages\/84\/revisions"}],"predecessor-version":[{"id":714,"href":"https:\/\/ponyreitglueck.de\/startseite\/wp-json\/wp\/v2\/pages\/84\/revisions\/714"}],"wp:attachment":[{"href":"https:\/\/ponyreitglueck.de\/startseite\/wp-json\/wp\/v2\/media?parent=84"}],"curies":[{"name":"wp","href":"https:\/\/api.w.org\/{rel}","templated":true}]}}