{"id":86,"date":"2023-01-03T21:48:47","date_gmt":"2023-01-03T20:48:47","guid":{"rendered":"http:\/\/ponyreitglueck.de\/?page_id=86"},"modified":"2023-01-09T20:07:02","modified_gmt":"2023-01-09T20:07:02","slug":"stallungen","status":"publish","type":"page","link":"https:\/\/ponyreitglueck.de\/startseite\/stallungen\/","title":{"rendered":"Stall"},"content":{"rendered":"\n<div class=\"wp-block-columns is-layout-flex wp-container-core-columns-layout-1 wp-block-columns-is-layout-flex\">\n<div class=\"wp-block-column is-layout-flow wp-block-column-is-layout-flow\" style=\"flex-basis:100%\">\n<figure class=\"wp-block-gallery has-nested-images columns-default is-cropped is-style-square wp-block-gallery-1 is-layout-flex wp-block-gallery-is-layout-flex\">\n<figure class=\"wp-block-image size-large\"><img loading=\"lazy\" decoding=\"async\" width=\"720\" height=\"480\" src=\"https:\/\/ponyreitglueck.de\/wp-content\/uploads\/2023\/01\/Pferdestall_001-1.jpg\" alt=\"\" class=\"wp-image-648\" srcset=\"https:\/\/ponyreitglueck.de\/wp-content\/uploads\/2023\/01\/Pferdestall_001-1.jpg 720w, https:\/\/ponyreitglueck.de\/wp-content\/uploads\/2023\/01\/Pferdestall_001-1-300x200.jpg 300w, https:\/\/ponyreitglueck.de\/wp-content\/uploads\/2023\/01\/Pferdestall_001-1-360x240.jpg 360w, https:\/\/ponyreitglueck.de\/wp-content\/uploads\/2023\/01\/Pferdestall_001-1-230x153.jpg 230w, https:\/\/ponyreitglueck.de\/wp-content\/uploads\/2023\/01\/Pferdestall_001-1-600x400.jpg 600w\" sizes=\"(max-width: 720px) 100vw, 720px\" \/><\/figure>\n\n\n\n<figure class=\"wp-block-image size-large\"><img loading=\"lazy\" decoding=\"async\" width=\"717\" height=\"480\" src=\"https:\/\/ponyreitglueck.de\/wp-content\/uploads\/2023\/01\/pferdeherde_001-1.jpg\" alt=\"\" class=\"wp-image-647\" srcset=\"https:\/\/ponyreitglueck.de\/wp-content\/uploads\/2023\/01\/pferdeherde_001-1.jpg 717w, https:\/\/ponyreitglueck.de\/wp-content\/uploads\/2023\/01\/pferdeherde_001-1-300x201.jpg 300w, https:\/\/ponyreitglueck.de\/wp-content\/uploads\/2023\/01\/pferdeherde_001-1-360x240.jpg 360w, https:\/\/ponyreitglueck.de\/wp-content\/uploads\/2023\/01\/pferdeherde_001-1-230x154.jpg 230w, https:\/\/ponyreitglueck.de\/wp-content\/uploads\/2023\/01\/pferdeherde_001-1-600x402.jpg 600w\" sizes=\"(max-width: 717px) 100vw, 717px\" \/><\/figure>\n\n\n\n<figure class=\"wp-block-image size-large\"><img loading=\"lazy\" decoding=\"async\" width=\"1024\" height=\"683\" src=\"https:\/\/ponyreitglueck.de\/wp-content\/uploads\/2023\/01\/Caro_SummerDreaming_-138-von-306-1024x683.jpg\" alt=\"\" class=\"wp-image-521\" srcset=\"https:\/\/ponyreitglueck.de\/wp-content\/uploads\/2023\/01\/Caro_SummerDreaming_-138-von-306-1024x683.jpg 1024w, https:\/\/ponyreitglueck.de\/wp-content\/uploads\/2023\/01\/Caro_SummerDreaming_-138-von-306-scaled-230x153.jpg 230w, https:\/\/ponyreitglueck.de\/wp-content\/uploads\/2023\/01\/Caro_SummerDreaming_-138-von-306-scaled-600x400.jpg 600w, https:\/\/ponyreitglueck.de\/wp-content\/uploads\/2023\/01\/Caro_SummerDreaming_-138-von-306-300x200.jpg 300w, https:\/\/ponyreitglueck.de\/wp-content\/uploads\/2023\/01\/Caro_SummerDreaming_-138-von-306-768x512.jpg 768w, https:\/\/ponyreitglueck.de\/wp-content\/uploads\/2023\/01\/Caro_SummerDreaming_-138-von-306-1536x1024.jpg 1536w, https:\/\/ponyreitglueck.de\/wp-content\/uploads\/2023\/01\/Caro_SummerDreaming_-138-von-306-2048x1365.jpg 2048w, https:\/\/ponyreitglueck.de\/wp-content\/uploads\/2023\/01\/Caro_SummerDreaming_-138-von-306-360x240.jpg 360w\" sizes=\"(max-width: 1024px) 100vw, 1024px\" \/><\/figure>\n\n\n\n<figure class=\"wp-block-image size-large\"><img loading=\"lazy\" decoding=\"async\" width=\"600\" height=\"400\" src=\"https:\/\/ponyreitglueck.de\/wp-content\/uploads\/2023\/01\/boxen_001-1.jpg\" alt=\"\" class=\"wp-image-645\" srcset=\"https:\/\/ponyreitglueck.de\/wp-content\/uploads\/2023\/01\/boxen_001-1.jpg 600w, https:\/\/ponyreitglueck.de\/wp-content\/uploads\/2023\/01\/boxen_001-1-300x200.jpg 300w, https:\/\/ponyreitglueck.de\/wp-content\/uploads\/2023\/01\/boxen_001-1-360x240.jpg 360w, https:\/\/ponyreitglueck.de\/wp-content\/uploads\/2023\/01\/boxen_001-1-230x153.jpg 230w\" sizes=\"(max-width: 600px) 100vw, 600px\" \/><\/figure>\n\n\n\n<figure class=\"wp-block-image size-large\"><img loading=\"lazy\" decoding=\"async\" width=\"598\" height=\"400\" src=\"https:\/\/ponyreitglueck.de\/wp-content\/uploads\/2023\/01\/Zamora_002-1.png\" alt=\"\" class=\"wp-image-650\" srcset=\"https:\/\/ponyreitglueck.de\/wp-content\/uploads\/2023\/01\/Zamora_002-1.png 598w, https:\/\/ponyreitglueck.de\/wp-content\/uploads\/2023\/01\/Zamora_002-1-300x201.png 300w, https:\/\/ponyreitglueck.de\/wp-content\/uploads\/2023\/01\/Zamora_002-1-360x240.png 360w, https:\/\/ponyreitglueck.de\/wp-content\/uploads\/2023\/01\/Zamora_002-1-230x154.png 230w\" sizes=\"(max-width: 598px) 100vw, 598px\" \/><\/figure>\n\n\n\n<figure class=\"wp-block-image size-large\"><img loading=\"lazy\" decoding=\"async\" width=\"1024\" height=\"683\" src=\"https:\/\/ponyreitglueck.de\/wp-content\/uploads\/2023\/01\/Izidar_001-1-1024x683.jpg\" alt=\"\" class=\"wp-image-649\" srcset=\"https:\/\/ponyreitglueck.de\/wp-content\/uploads\/2023\/01\/Izidar_001-1-1024x683.jpg 1024w, https:\/\/ponyreitglueck.de\/wp-content\/uploads\/2023\/01\/Izidar_001-1-300x200.jpg 300w, https:\/\/ponyreitglueck.de\/wp-content\/uploads\/2023\/01\/Izidar_001-1-768x512.jpg 768w, https:\/\/ponyreitglueck.de\/wp-content\/uploads\/2023\/01\/Izidar_001-1-360x240.jpg 360w, https:\/\/ponyreitglueck.de\/wp-content\/uploads\/2023\/01\/Izidar_001-1-230x153.jpg 230w, https:\/\/ponyreitglueck.de\/wp-content\/uploads\/2023\/01\/Izidar_001-1-600x400.jpg 600w, https:\/\/ponyreitglueck.de\/wp-content\/uploads\/2023\/01\/Izidar_001-1.jpg 1440w\" sizes=\"(max-width: 1024px) 100vw, 1024px\" \/><\/figure>\n\n\n\n<figure class=\"wp-block-image size-large\"><img loading=\"lazy\" decoding=\"async\" width=\"1024\" height=\"683\" src=\"https:\/\/ponyreitglueck.de\/wp-content\/uploads\/2023\/01\/IMG_4281-1024x683.jpg\" alt=\"\" class=\"wp-image-522\" srcset=\"https:\/\/ponyreitglueck.de\/wp-content\/uploads\/2023\/01\/IMG_4281-1024x683.jpg 1024w, https:\/\/ponyreitglueck.de\/wp-content\/uploads\/2023\/01\/IMG_4281-scaled-230x153.jpg 230w, https:\/\/ponyreitglueck.de\/wp-content\/uploads\/2023\/01\/IMG_4281-scaled-600x400.jpg 600w, https:\/\/ponyreitglueck.de\/wp-content\/uploads\/2023\/01\/IMG_4281-300x200.jpg 300w, https:\/\/ponyreitglueck.de\/wp-content\/uploads\/2023\/01\/IMG_4281-768x512.jpg 768w, https:\/\/ponyreitglueck.de\/wp-content\/uploads\/2023\/01\/IMG_4281-1536x1024.jpg 1536w, https:\/\/ponyreitglueck.de\/wp-content\/uploads\/2023\/01\/IMG_4281-2048x1365.jpg 2048w, https:\/\/ponyreitglueck.de\/wp-content\/uploads\/2023\/01\/IMG_4281-360x240.jpg 360w\" sizes=\"(max-width: 1024px) 100vw, 1024px\" \/><\/figure>\n\n\n\n<figure class=\"wp-block-image size-large\"><img loading=\"lazy\" decoding=\"async\" width=\"600\" height=\"400\" src=\"https:\/\/ponyreitglueck.de\/wp-content\/uploads\/2023\/01\/reithalle_001-1.jpg\" alt=\"\" class=\"wp-image-646\" srcset=\"https:\/\/ponyreitglueck.de\/wp-content\/uploads\/2023\/01\/reithalle_001-1.jpg 600w, https:\/\/ponyreitglueck.de\/wp-content\/uploads\/2023\/01\/reithalle_001-1-300x200.jpg 300w, https:\/\/ponyreitglueck.de\/wp-content\/uploads\/2023\/01\/reithalle_001-1-360x240.jpg 360w, https:\/\/ponyreitglueck.de\/wp-content\/uploads\/2023\/01\/reithalle_001-1-230x153.jpg 230w\" sizes=\"(max-width: 600px) 100vw, 600px\" \/><\/figure>\n\n\n\n<figure class=\"wp-block-image size-large\"><img loading=\"lazy\" decoding=\"async\" width=\"1024\" height=\"683\" src=\"https:\/\/ponyreitglueck.de\/wp-content\/uploads\/2023\/01\/Zamora_001-1-1024x683.jpg\" alt=\"\" class=\"wp-image-651\" srcset=\"https:\/\/ponyreitglueck.de\/wp-content\/uploads\/2023\/01\/Zamora_001-1-1024x683.jpg 1024w, https:\/\/ponyreitglueck.de\/wp-content\/uploads\/2023\/01\/Zamora_001-1-300x200.jpg 300w, https:\/\/ponyreitglueck.de\/wp-content\/uploads\/2023\/01\/Zamora_001-1-768x512.jpg 768w, https:\/\/ponyreitglueck.de\/wp-content\/uploads\/2023\/01\/Zamora_001-1-1536x1024.jpg 1536w, https:\/\/ponyreitglueck.de\/wp-content\/uploads\/2023\/01\/Zamora_001-1-2048x1365.jpg 2048w, https:\/\/ponyreitglueck.de\/wp-content\/uploads\/2023\/01\/Zamora_001-1-360x240.jpg 360w, https:\/\/ponyreitglueck.de\/wp-content\/uploads\/2023\/01\/Zamora_001-1-230x153.jpg 230w, https:\/\/ponyreitglueck.de\/wp-content\/uploads\/2023\/01\/Zamora_001-1-600x400.jpg 600w\" sizes=\"(max-width: 1024px) 100vw, 1024px\" \/><\/figure>\n<\/figure>\n<\/div>\n<\/div>\n\n\n\n<div style=\"height:30px\" aria-hidden=\"true\" class=\"wp-block-spacer\"><\/div>\n\n\n\n<h4 class=\"wp-block-heading\">Pferdepension Schinke<\/h4>\n\n\n\n<p>Unsere Pferde stehen in der Pferdepension Schinke in Erbenschwang, Ingenried. Der Stall, gegr\u00fcndet 2005 auf einem umgebauten ehemaligen Bauernhof, ist ein kleiner Privatstall mit 11 gro\u00dfz\u00fcgigen Innenboxen und mehreren Hektar Weidefl\u00e4che. Die kleine Reithalle erm\u00f6glicht es, auch bei schlechtem Wetter mit den Pferden zu arbeiten. Zudem kann das sch\u00f6ne Gel\u00e4nde rund um den Stall f\u00fcr den Ausritt genutzt werden.<\/p>\n\n\n\n<div style=\"height:100px\" aria-hidden=\"true\" class=\"wp-block-spacer\"><\/div>\n","protected":false},"excerpt":{"rendered":"<p>Pferdepension Schinke Unsere Pferde stehen in der Pferdepension Schinke in Erbenschwang, Ingenried. Der Stall, gegr\u00fcndet 2005 auf einem umgebauten ehemaligen Bauernhof, ist ein kleiner Privatstall mit 11 gro\u00dfz\u00fcgigen Innenboxen und mehreren Hektar Weidefl\u00e4che. Die kleine Reithalle erm\u00f6glicht es, auch bei schlechtem Wetter mit den Pferden zu arbeiten. Zudem kann das [&hellip;]<\/p>\n","protected":false},"author":1,"featured_media":0,"parent":0,"menu_order":0,"comment_status":"closed","ping_status":"closed","template":"","meta":{"loftloader_pro_show_once":"","loftloader_pro_page_shortcode":"[loftloader loftloader_pro_main_switch=on loftloader_pro_show_range=sitewide loftloader_pro_enable_random_message_text=\"\" loftloader_bgfilltype=solid loftloader_pro_bg_color=#000000 loftloader_bgopacity=90 loftloader_pro_bg_animation=split-h loftloader_pro_bg_gradient=\"\" loftloader_animation=imgstatic loftloader_customimg=\"https:\/\/ponyreitglueck.de\/wp-content\/uploads\/2023\/01\/cropped-logo_ponyreitglueck_1_1.png\" loftloader_imgwidth=400 loftloader_responsive_design_max_width=80 loftloader_progress=bar loftloader_barposition=middle loftloader_barwidth=30 loftloader_pro_progress_width_unit=\"\" loftloader_barheight=10 loftloader_pro_progress_color=#248acc loftloader_pro_progress_bar_enable_gradient_color=on loftloader_pro_progress_bar_gradient_start_color=#dddddd loftloader_pro_progress_bar_gradient_end_color=#92d662 loftloader_pro_message_text=\"\" loftloader_pro_load_time=0.0 loftloader_pro_max_load_time=15.0 loftloader_pro_device=all loftloader_pro_disable_page_scrolling=\"\" loftloader_pro_enable_close_button=on loftloader_pro_show_close_timer=15 loftloader_pro_show_close_tip=\"YmFkIG5ldHdvcmsgY29ubmVjdGlvbg==\" loftloader_pro_inner_elements_entrance_animation=\"\" loftloader_pro_inner_elements_exit_animation=\"\" loftloader_pro_adaptive_loading_screen_height_on_mobile=\"\" loftloader_pro_custom_css=\"IiI=\" loftloader_pro_detect_elements=image]","footnotes":""},"yoast_head":"<!-- This site is optimized with the Yoast SEO plugin v21.8.1 - https:\/\/yoast.com\/wordpress\/plugins\/seo\/ -->\n<title>Stall - Ponyreitglueck<\/title>\n<meta name=\"robots\" content=\"index, follow, max-snippet:-1, max-image-preview:large, max-video-preview:-1\" \/>\n<link rel=\"canonical\" href=\"https:\/\/ponyreitglueck.de\/startseite\/stallungen\/\" \/>\n<meta property=\"og:locale\" content=\"de_DE\" \/>\n<meta property=\"og:type\" content=\"article\" \/>\n<meta property=\"og:title\" content=\"Stall - Ponyreitglueck\" \/>\n<meta property=\"og:description\" content=\"Pferdepension Schinke Unsere Pferde stehen in der Pferdepension Schinke in Erbenschwang, Ingenried. Der Stall, gegr\u00fcndet 2005 auf einem umgebauten ehemaligen Bauernhof, ist ein kleiner Privatstall mit 11 gro\u00dfz\u00fcgigen Innenboxen und mehreren Hektar Weidefl\u00e4che. Die kleine Reithalle erm\u00f6glicht es, auch bei schlechtem Wetter mit den Pferden zu arbeiten. Zudem kann das [&hellip;]\" \/>\n<meta property=\"og:url\" content=\"https:\/\/ponyreitglueck.de\/startseite\/stallungen\/\" \/>\n<meta property=\"og:site_name\" content=\"Ponyreitglueck\" \/>\n<meta property=\"article:publisher\" content=\"https:\/\/www.facebook.com\/profile.php?id=100089803293122\" \/>\n<meta property=\"article:modified_time\" content=\"2023-01-09T20:07:02+00:00\" \/>\n<meta property=\"og:image\" content=\"https:\/\/ponyreitglueck.de\/wp-content\/uploads\/2023\/01\/Pferdestall_001-1.jpg\" \/>\n<meta name=\"twitter:card\" content=\"summary_large_image\" \/>\n<script type=\"application\/ld+json\" class=\"yoast-schema-graph\">{\"@context\":\"https:\/\/schema.org\",\"@graph\":[{\"@type\":\"WebPage\",\"@id\":\"https:\/\/ponyreitglueck.de\/startseite\/stallungen\/\",\"url\":\"https:\/\/ponyreitglueck.de\/startseite\/stallungen\/\",\"name\":\"Stall - Ponyreitglueck\",\"isPartOf\":{\"@id\":\"https:\/\/ponyreitglueck.de\/startseite\/#website\"},\"datePublished\":\"2023-01-03T20:48:47+00:00\",\"dateModified\":\"2023-01-09T20:07:02+00:00\",\"breadcrumb\":{\"@id\":\"https:\/\/ponyreitglueck.de\/startseite\/stallungen\/#breadcrumb\"},\"inLanguage\":\"de-DE\",\"potentialAction\":[{\"@type\":\"ReadAction\",\"target\":[\"https:\/\/ponyreitglueck.de\/startseite\/stallungen\/\"]}]},{\"@type\":\"BreadcrumbList\",\"@id\":\"https:\/\/ponyreitglueck.de\/startseite\/stallungen\/#breadcrumb\",\"itemListElement\":[{\"@type\":\"ListItem\",\"position\":1,\"name\":\"Startseite\",\"item\":\"https:\/\/ponyreitglueck.de\/startseite\/\"},{\"@type\":\"ListItem\",\"position\":2,\"name\":\"Stall\"}]},{\"@type\":\"WebSite\",\"@id\":\"https:\/\/ponyreitglueck.de\/startseite\/#website\",\"url\":\"https:\/\/ponyreitglueck.de\/startseite\/\",\"name\":\"Ponyreitglueck\",\"description\":\"\",\"publisher\":{\"@id\":\"https:\/\/ponyreitglueck.de\/startseite\/#organization\"},\"potentialAction\":[{\"@type\":\"SearchAction\",\"target\":{\"@type\":\"EntryPoint\",\"urlTemplate\":\"https:\/\/ponyreitglueck.de\/startseite\/?s={search_term_string}\"},\"query-input\":\"required name=search_term_string\"}],\"inLanguage\":\"de-DE\"},{\"@type\":\"Organization\",\"@id\":\"https:\/\/ponyreitglueck.de\/startseite\/#organization\",\"name\":\"Ponyreitglueck\",\"url\":\"https:\/\/ponyreitglueck.de\/startseite\/\",\"logo\":{\"@type\":\"ImageObject\",\"inLanguage\":\"de-DE\",\"@id\":\"https:\/\/ponyreitglueck.de\/startseite\/#\/schema\/logo\/image\/\",\"url\":\"https:\/\/ponyreitglueck.de\/wp-content\/uploads\/2023\/01\/logo_ponyreitglueck_2_1.png\",\"contentUrl\":\"https:\/\/ponyreitglueck.de\/wp-content\/uploads\/2023\/01\/logo_ponyreitglueck_2_1.png\",\"width\":2362,\"height\":1230,\"caption\":\"Ponyreitglueck\"},\"image\":{\"@id\":\"https:\/\/ponyreitglueck.de\/startseite\/#\/schema\/logo\/image\/\"},\"sameAs\":[\"https:\/\/www.facebook.com\/profile.php?id=100089803293122\"]}]}<\/script>\n<!-- \/ Yoast SEO plugin. -->","yoast_head_json":{"title":"Stall - Ponyreitglueck","robots":{"index":"index","follow":"follow","max-snippet":"max-snippet:-1","max-image-preview":"max-image-preview:large","max-video-preview":"max-video-preview:-1"},"canonical":"https:\/\/ponyreitglueck.de\/startseite\/stallungen\/","og_locale":"de_DE","og_type":"article","og_title":"Stall - Ponyreitglueck","og_description":"Pferdepension Schinke Unsere Pferde stehen in der Pferdepension Schinke in Erbenschwang, Ingenried. Der Stall, gegr\u00fcndet 2005 auf einem umgebauten ehemaligen Bauernhof, ist ein kleiner Privatstall mit 11 gro\u00dfz\u00fcgigen Innenboxen und mehreren Hektar Weidefl\u00e4che. Die kleine Reithalle erm\u00f6glicht es, auch bei schlechtem Wetter mit den Pferden zu arbeiten. Zudem kann das [&hellip;]","og_url":"https:\/\/ponyreitglueck.de\/startseite\/stallungen\/","og_site_name":"Ponyreitglueck","article_publisher":"https:\/\/www.facebook.com\/profile.php?id=100089803293122","article_modified_time":"2023-01-09T20:07:02+00:00","og_image":[{"url":"https:\/\/ponyreitglueck.de\/wp-content\/uploads\/2023\/01\/Pferdestall_001-1.jpg"}],"twitter_card":"summary_large_image","schema":{"@context":"https:\/\/schema.org","@graph":[{"@type":"WebPage","@id":"https:\/\/ponyreitglueck.de\/startseite\/stallungen\/","url":"https:\/\/ponyreitglueck.de\/startseite\/stallungen\/","name":"Stall - Ponyreitglueck","isPartOf":{"@id":"https:\/\/ponyreitglueck.de\/startseite\/#website"},"datePublished":"2023-01-03T20:48:47+00:00","dateModified":"2023-01-09T20:07:02+00:00","breadcrumb":{"@id":"https:\/\/ponyreitglueck.de\/startseite\/stallungen\/#breadcrumb"},"inLanguage":"de-DE","potentialAction":[{"@type":"ReadAction","target":["https:\/\/ponyreitglueck.de\/startseite\/stallungen\/"]}]},{"@type":"BreadcrumbList","@id":"https:\/\/ponyreitglueck.de\/startseite\/stallungen\/#breadcrumb","itemListElement":[{"@type":"ListItem","position":1,"name":"Startseite","item":"https:\/\/ponyreitglueck.de\/startseite\/"},{"@type":"ListItem","position":2,"name":"Stall"}]},{"@type":"WebSite","@id":"https:\/\/ponyreitglueck.de\/startseite\/#website","url":"https:\/\/ponyreitglueck.de\/startseite\/","name":"Ponyreitglueck","description":"","publisher":{"@id":"https:\/\/ponyreitglueck.de\/startseite\/#organization"},"potentialAction":[{"@type":"SearchAction","target":{"@type":"EntryPoint","urlTemplate":"https:\/\/ponyreitglueck.de\/startseite\/?s={search_term_string}"},"query-input":"required name=search_term_string"}],"inLanguage":"de-DE"},{"@type":"Organization","@id":"https:\/\/ponyreitglueck.de\/startseite\/#organization","name":"Ponyreitglueck","url":"https:\/\/ponyreitglueck.de\/startseite\/","logo":{"@type":"ImageObject","inLanguage":"de-DE","@id":"https:\/\/ponyreitglueck.de\/startseite\/#\/schema\/logo\/image\/","url":"https:\/\/ponyreitglueck.de\/wp-content\/uploads\/2023\/01\/logo_ponyreitglueck_2_1.png","contentUrl":"https:\/\/ponyreitglueck.de\/wp-content\/uploads\/2023\/01\/logo_ponyreitglueck_2_1.png","width":2362,"height":1230,"caption":"Ponyreitglueck"},"image":{"@id":"https:\/\/ponyreitglueck.de\/startseite\/#\/schema\/logo\/image\/"},"sameAs":["https:\/\/www.facebook.com\/profile.php?id=100089803293122"]}]}},"jetpack_sharing_enabled":true,"_links":{"self":[{"href":"https:\/\/ponyreitglueck.de\/startseite\/wp-json\/wp\/v2\/pages\/86"}],"collection":[{"href":"https:\/\/ponyreitglueck.de\/startseite\/wp-json\/wp\/v2\/pages"}],"about":[{"href":"https:\/\/ponyreitglueck.de\/startseite\/wp-json\/wp\/v2\/types\/page"}],"author":[{"embeddable":true,"href":"https:\/\/ponyreitglueck.de\/startseite\/wp-json\/wp\/v2\/users\/1"}],"replies":[{"embeddable":true,"href":"https:\/\/ponyreitglueck.de\/startseite\/wp-json\/wp\/v2\/comments?post=86"}],"version-history":[{"count":8,"href":"https:\/\/ponyreitglueck.de\/startseite\/wp-json\/wp\/v2\/pages\/86\/revisions"}],"predecessor-version":[{"id":664,"href":"https:\/\/ponyreitglueck.de\/startseite\/wp-json\/wp\/v2\/pages\/86\/revisions\/664"}],"wp:attachment":[{"href":"https:\/\/ponyreitglueck.de\/startseite\/wp-json\/wp\/v2\/media?parent=86"}],"curies":[{"name":"wp","href":"https:\/\/api.w.org\/{rel}","templated":true}]}}