{"id":87,"date":"2023-01-03T21:48:47","date_gmt":"2023-01-03T20:48:47","guid":{"rendered":"http:\/\/ponyreitglueck.de\/?page_id=87"},"modified":"2024-05-06T12:10:37","modified_gmt":"2024-05-06T12:10:37","slug":"unsere-angebote","status":"publish","type":"page","link":"https:\/\/ponyreitglueck.de\/startseite\/unsere-angebote\/","title":{"rendered":"Unsere Angebote"},"content":{"rendered":"\n<div class=\"wp-block-columns alignwide is-layout-flex wp-container-core-columns-layout-1 wp-block-columns-is-layout-flex\">\n<div class=\"wp-block-column has-very-light-gray-to-cyan-bluish-gray-gradient-background has-text-color has-background has-link-color wp-elements-06cef540019a9e371a528d82c1288a27 is-layout-flow wp-block-column-is-layout-flow\" style=\"color:#000000;padding-top:2em;padding-right:2em;padding-bottom:2em;padding-left:2em\">\n<h2 class=\"wp-block-heading\" id=\"single\" style=\"font-size:40px\">Zwergerlgruppe<\/h2>\n\n\n\n<p><strong>Erster Kontakt zum Pony, kuscheln, getragen werden (reiten), altersgerechte Spiele<\/strong><\/p>\n\n\n\n<div style=\"height:30px\" aria-hidden=\"true\" class=\"wp-block-spacer\"><\/div>\n\n\n\n<p class=\"has-normal-font-size\" style=\"line-height:1.5\">Alter: ab ca. 2 Jahren<br>Voraussetzung: keine<br>Anzahl der Teilnehmer: 3 &#8211; 4 Kinder und ein Pony<br><br>Dauer: 60 Minuten &#8211; eine Einheit beinhaltet neben dem Reiten auch die Vorbereitung des Ponys (putzen, satteln) sowie die Nachbereitung (absatteln, versorgen des Ponys)<\/p>\n\n\n\n<p class=\"has-normal-font-size\" style=\"line-height:1.5\">Preis: 15 \u20ac pro Kind                                                                      <\/p>\n\n\n\n<hr class=\"wp-block-separator has-text-color has-css-opacity has-background is-style-wide\" style=\"background-color:#000000;color:#000000\"\/>\n\n\n\n<p>F\u00fcr Kinder zwischen 2 bis 4 Jahren eignet sich die Zwergerlgruppe am besten. <strong>In Begleitung eines Elternteils<\/strong> oder einer anderer Bezugsperson findet der erste Kontakt zum Pony statt. Die Kinder k\u00f6nnen sich in dem Alter etwas entspannter und vertrauensvoll an etwas Neues \u201eherantrauen\u201c, wenn eine ihnen vertraute Person dabei ist. In der Halle ist ein kleiner Spielbereich \u201erund um\u00b4s Pony\u201c aufgebaut, hier k\u00f6nnen die Kinder zwischen dem Reiten kleine Pausen einlegen. Ziel des Angebotes ist es, die Kinder langsam an die Ponywelt heranzuf\u00fchren und erste Erfahrungen sammeln zu lassen.<\/p>\n\n\n\n<div class=\"wp-block-buttons is-content-justification-center is-layout-flex wp-container-core-buttons-layout-1 wp-block-buttons-is-layout-flex\">\n<div class=\"wp-block-button is-style-outline\"><a class=\"wp-block-button__link wp-element-button\" href=\"http:\/\/ponyreitglueck.de\/kontakt\" style=\"border-radius:0px\" target=\"_blank\" rel=\"noreferrer noopener\">Kontaktiere uns<\/a><\/div>\n<\/div>\n\n\n\n<div style=\"height:30px\" aria-hidden=\"true\" class=\"wp-block-spacer\"><\/div>\n\n\n\n<div class=\"wp-block-buttons is-content-justification-center is-layout-flex wp-container-core-buttons-layout-2 wp-block-buttons-is-layout-flex\">\n<div class=\"wp-block-button is-style-outline\"><a class=\"wp-block-button__link has-black-color has-accent-background-color has-text-color has-background wp-element-button\" href=\"http:\/\/ponyreitglueck.de\/shop\" style=\"border-radius:100px\" target=\"_blank\" rel=\"noreferrer noopener\">    <strong>zum Shop<\/strong>    <\/a><\/div>\n<\/div>\n<\/div>\n\n\n\n<div class=\"wp-block-column has-very-light-gray-to-cyan-bluish-gray-gradient-background has-text-color has-background has-link-color wp-elements-2359b0356fe30aaf21d1d81f2a98aea6 is-layout-flow wp-block-column-is-layout-flow\" style=\"color:#000000;padding-top:2em;padding-right:2em;padding-bottom:2em;padding-left:2em\">\n<h2 class=\"wp-block-heading\" id=\"family\" style=\"font-size:40px\">F\u00fchrgruppe<\/h2>\n\n\n\n<p><strong>Erster Kontakt zum Pony, Im Wechsel: Ein Kind f\u00fchrt das andere reitet, Spiele zur F\u00f6rderung der Motorik, Gleichgewichtsschulung u.a.<\/strong><\/p>\n\n\n\n<p class=\"has-normal-font-size\" style=\"line-height:1.5\">Alter: ab ca. 5 bis 10 Jahren<br>Voraussetzung: keine<br>Anzahl der Teilnehmer: 2 Kinder und ein Pony<br><br>Dauer: 60 Minuten &#8211; eine Einheit beinhaltet neben dem Reiten auch die Vorbereitung des Ponys (putzen, satteln) sowie die Nachbereitung (absatteln, versorgen des Ponys)                          <\/p>\n\n\n\n<p class=\"has-normal-font-size\" style=\"line-height:1.5\">Preis: 20 \u20ac pro Kind     <\/p>\n\n\n\n<p class=\"has-normal-font-size\" style=\"line-height:1.5\">                                                               <\/p>\n\n\n\n<hr class=\"wp-block-separator has-css-opacity is-style-wide\"\/>\n\n\n\n<p>Dieses Angebot richtet sich an Kinder im Alter von 5 Jahren bis zum Grundschulalter und findet (wenn das Kind es m\u00f6chte) ohne Beteiligung der Eltern statt. In der F\u00fchrgruppe erm\u00f6glichen wir den Kindern den ersten spielerischen Kontakt mit und auf dem Pony. Die Kinder \u00fcben zudem das F\u00fchren des Ponys. Da sie zu zweit sind lernen sie auch durch Nachahmen und Mitmachen und entwickeln einen entspannten, vertrauensvollen und selbstverst\u00e4ndlichen Umgang mit den Tieren. Ziel ist es die Kinder auf nachfolgende Reitstunden gut vorzubereiten.<\/p>\n\n\n\n<p><\/p>\n\n\n\n<div class=\"wp-block-buttons alignfull is-horizontal is-content-justification-center is-layout-flex wp-container-core-buttons-layout-3 wp-block-buttons-is-layout-flex\">\n<div class=\"wp-block-button is-style-outline\"><a class=\"wp-block-button__link wp-element-button\" href=\"http:\/\/ponyreitglueck.de\/kontakt\" style=\"border-radius:0px\" target=\"_blank\" rel=\"noreferrer noopener\">Kontaktiere uns<\/a><\/div>\n<\/div>\n\n\n\n<div style=\"height:30px\" aria-hidden=\"true\" class=\"wp-block-spacer\"><\/div>\n\n\n\n<div class=\"wp-block-buttons is-content-justification-center is-layout-flex wp-container-core-buttons-layout-4 wp-block-buttons-is-layout-flex\">\n<div class=\"wp-block-button is-style-outline\"><a class=\"wp-block-button__link has-black-color has-accent-background-color has-text-color has-background wp-element-button\" href=\"http:\/\/ponyreitglueck.de\/shop\" style=\"border-radius:100px\" target=\"_blank\" rel=\"noreferrer noopener\">    <strong>zum Shop<\/strong>    <\/a><\/div>\n<\/div>\n<\/div>\n<\/div>\n\n\n\n<blockquote class=\"wp-block-quote\">\n<p><\/p>\n<cite><br><strong>Sicherheit hat oberste Priorit\u00e4t! Denn auch das bravste Pony kann einen schlechten Tag haben oder vor etwas erschrecken. Aus diesem Grund ist folgendes zu beachten: <br><br>Unbedingt muss ein Reit- oder Fahrradhelm getragen werden!<br>Die Schuhe sollten \u00fcber die Kn\u00f6chel reichen!<\/strong><br><strong><br>Tipp:<\/strong> Auf eine Hose mit N\u00e4hten an den Innenseiten sollte verzichtet werden (keine Jeans)! Diese k\u00f6nnten reiben.<br><\/cite><\/blockquote>\n\n\n\n<p><\/p>\n\n\n\n<p><\/p>\n\n\n\n<p><\/p>\n","protected":false},"excerpt":{"rendered":"<p>Zwergerlgruppe Erster Kontakt zum Pony, kuscheln, getragen werden (reiten), altersgerechte Spiele Alter: ab ca. 2 JahrenVoraussetzung: keineAnzahl der Teilnehmer: 3 &#8211; 4 Kinder und ein Pony Dauer: 60 Minuten &#8211; eine Einheit beinhaltet neben dem Reiten auch die Vorbereitung des Ponys (putzen, satteln) sowie die Nachbereitung (absatteln, versorgen des Ponys) [&hellip;]<\/p>\n","protected":false},"author":1,"featured_media":0,"parent":0,"menu_order":0,"comment_status":"closed","ping_status":"closed","template":"","meta":{"loftloader_pro_show_once":"on","loftloader_pro_page_shortcode":"[loftloader loftloader_pro_main_switch=on loftloader_pro_show_range=sitewide loftloader_pro_enable_random_message_text=\"\" loftloader_bgfilltype=solid loftloader_pro_bg_color=#000000 loftloader_bgopacity=90 loftloader_pro_bg_animation=split-h loftloader_pro_bg_gradient=\"\" loftloader_animation=imgstatic loftloader_customimg=\"https:\/\/ponyreitglueck.de\/wp-content\/uploads\/2023\/01\/cropped-logo_ponyreitglueck_1_1.png\" loftloader_imgwidth=400 loftloader_responsive_design_max_width=80 loftloader_progress=bar loftloader_barposition=middle loftloader_barwidth=30 loftloader_pro_progress_width_unit=\"\" loftloader_barheight=10 loftloader_pro_progress_color=#248acc loftloader_pro_progress_bar_enable_gradient_color=on loftloader_pro_progress_bar_gradient_start_color=#dddddd loftloader_pro_progress_bar_gradient_end_color=#92d662 loftloader_pro_message_text=\"\" loftloader_pro_load_time=0.0 loftloader_pro_max_load_time=15.0 loftloader_pro_device=all loftloader_pro_disable_page_scrolling=\"\" loftloader_pro_enable_close_button=on loftloader_pro_show_close_timer=15 loftloader_pro_show_close_tip=\"YmFkIG5ldHdvcmsgY29ubmVjdGlvbg==\" loftloader_pro_inner_elements_entrance_animation=\"\" loftloader_pro_inner_elements_exit_animation=\"\" loftloader_pro_adaptive_loading_screen_height_on_mobile=\"\" loftloader_pro_custom_css=\"IiI=\" loftloader_pro_detect_elements=image]","footnotes":""},"yoast_head":"<!-- This site is optimized with the Yoast SEO plugin v21.8.1 - https:\/\/yoast.com\/wordpress\/plugins\/seo\/ -->\n<title>Unsere Angebote - Ponyreitglueck<\/title>\n<meta name=\"robots\" content=\"index, follow, max-snippet:-1, max-image-preview:large, max-video-preview:-1\" \/>\n<link rel=\"canonical\" href=\"https:\/\/ponyreitglueck.de\/startseite\/unsere-angebote\/\" \/>\n<meta property=\"og:locale\" content=\"de_DE\" \/>\n<meta property=\"og:type\" content=\"article\" \/>\n<meta property=\"og:title\" content=\"Unsere Angebote - Ponyreitglueck\" \/>\n<meta property=\"og:description\" content=\"Zwergerlgruppe Erster Kontakt zum Pony, kuscheln, getragen werden (reiten), altersgerechte Spiele Alter: ab ca. 2 JahrenVoraussetzung: keineAnzahl der Teilnehmer: 3 &#8211; 4 Kinder und ein Pony Dauer: 60 Minuten &#8211; eine Einheit beinhaltet neben dem Reiten auch die Vorbereitung des Ponys (putzen, satteln) sowie die Nachbereitung (absatteln, versorgen des Ponys) [&hellip;]\" \/>\n<meta property=\"og:url\" content=\"https:\/\/ponyreitglueck.de\/startseite\/unsere-angebote\/\" \/>\n<meta property=\"og:site_name\" content=\"Ponyreitglueck\" \/>\n<meta property=\"article:publisher\" content=\"https:\/\/www.facebook.com\/profile.php?id=100089803293122\" \/>\n<meta property=\"article:modified_time\" content=\"2024-05-06T12:10:37+00:00\" \/>\n<meta name=\"twitter:card\" content=\"summary_large_image\" \/>\n<meta name=\"twitter:label1\" content=\"Gesch\u00e4tzte Lesezeit\" \/>\n\t<meta name=\"twitter:data1\" content=\"2 Minuten\" \/>\n<script type=\"application\/ld+json\" class=\"yoast-schema-graph\">{\"@context\":\"https:\/\/schema.org\",\"@graph\":[{\"@type\":\"WebPage\",\"@id\":\"https:\/\/ponyreitglueck.de\/startseite\/unsere-angebote\/\",\"url\":\"https:\/\/ponyreitglueck.de\/startseite\/unsere-angebote\/\",\"name\":\"Unsere Angebote - Ponyreitglueck\",\"isPartOf\":{\"@id\":\"https:\/\/ponyreitglueck.de\/startseite\/#website\"},\"datePublished\":\"2023-01-03T20:48:47+00:00\",\"dateModified\":\"2024-05-06T12:10:37+00:00\",\"breadcrumb\":{\"@id\":\"https:\/\/ponyreitglueck.de\/startseite\/unsere-angebote\/#breadcrumb\"},\"inLanguage\":\"de-DE\",\"potentialAction\":[{\"@type\":\"ReadAction\",\"target\":[\"https:\/\/ponyreitglueck.de\/startseite\/unsere-angebote\/\"]}]},{\"@type\":\"BreadcrumbList\",\"@id\":\"https:\/\/ponyreitglueck.de\/startseite\/unsere-angebote\/#breadcrumb\",\"itemListElement\":[{\"@type\":\"ListItem\",\"position\":1,\"name\":\"Startseite\",\"item\":\"https:\/\/ponyreitglueck.de\/startseite\/\"},{\"@type\":\"ListItem\",\"position\":2,\"name\":\"Unsere Angebote\"}]},{\"@type\":\"WebSite\",\"@id\":\"https:\/\/ponyreitglueck.de\/startseite\/#website\",\"url\":\"https:\/\/ponyreitglueck.de\/startseite\/\",\"name\":\"Ponyreitglueck\",\"description\":\"\",\"publisher\":{\"@id\":\"https:\/\/ponyreitglueck.de\/startseite\/#organization\"},\"potentialAction\":[{\"@type\":\"SearchAction\",\"target\":{\"@type\":\"EntryPoint\",\"urlTemplate\":\"https:\/\/ponyreitglueck.de\/startseite\/?s={search_term_string}\"},\"query-input\":\"required name=search_term_string\"}],\"inLanguage\":\"de-DE\"},{\"@type\":\"Organization\",\"@id\":\"https:\/\/ponyreitglueck.de\/startseite\/#organization\",\"name\":\"Ponyreitglueck\",\"url\":\"https:\/\/ponyreitglueck.de\/startseite\/\",\"logo\":{\"@type\":\"ImageObject\",\"inLanguage\":\"de-DE\",\"@id\":\"https:\/\/ponyreitglueck.de\/startseite\/#\/schema\/logo\/image\/\",\"url\":\"https:\/\/ponyreitglueck.de\/wp-content\/uploads\/2023\/01\/logo_ponyreitglueck_2_1.png\",\"contentUrl\":\"https:\/\/ponyreitglueck.de\/wp-content\/uploads\/2023\/01\/logo_ponyreitglueck_2_1.png\",\"width\":2362,\"height\":1230,\"caption\":\"Ponyreitglueck\"},\"image\":{\"@id\":\"https:\/\/ponyreitglueck.de\/startseite\/#\/schema\/logo\/image\/\"},\"sameAs\":[\"https:\/\/www.facebook.com\/profile.php?id=100089803293122\"]}]}<\/script>\n<!-- \/ Yoast SEO plugin. -->","yoast_head_json":{"title":"Unsere Angebote - Ponyreitglueck","robots":{"index":"index","follow":"follow","max-snippet":"max-snippet:-1","max-image-preview":"max-image-preview:large","max-video-preview":"max-video-preview:-1"},"canonical":"https:\/\/ponyreitglueck.de\/startseite\/unsere-angebote\/","og_locale":"de_DE","og_type":"article","og_title":"Unsere Angebote - Ponyreitglueck","og_description":"Zwergerlgruppe Erster Kontakt zum Pony, kuscheln, getragen werden (reiten), altersgerechte Spiele Alter: ab ca. 2 JahrenVoraussetzung: keineAnzahl der Teilnehmer: 3 &#8211; 4 Kinder und ein Pony Dauer: 60 Minuten &#8211; eine Einheit beinhaltet neben dem Reiten auch die Vorbereitung des Ponys (putzen, satteln) sowie die Nachbereitung (absatteln, versorgen des Ponys) [&hellip;]","og_url":"https:\/\/ponyreitglueck.de\/startseite\/unsere-angebote\/","og_site_name":"Ponyreitglueck","article_publisher":"https:\/\/www.facebook.com\/profile.php?id=100089803293122","article_modified_time":"2024-05-06T12:10:37+00:00","twitter_card":"summary_large_image","twitter_misc":{"Gesch\u00e4tzte Lesezeit":"2 Minuten"},"schema":{"@context":"https:\/\/schema.org","@graph":[{"@type":"WebPage","@id":"https:\/\/ponyreitglueck.de\/startseite\/unsere-angebote\/","url":"https:\/\/ponyreitglueck.de\/startseite\/unsere-angebote\/","name":"Unsere Angebote - Ponyreitglueck","isPartOf":{"@id":"https:\/\/ponyreitglueck.de\/startseite\/#website"},"datePublished":"2023-01-03T20:48:47+00:00","dateModified":"2024-05-06T12:10:37+00:00","breadcrumb":{"@id":"https:\/\/ponyreitglueck.de\/startseite\/unsere-angebote\/#breadcrumb"},"inLanguage":"de-DE","potentialAction":[{"@type":"ReadAction","target":["https:\/\/ponyreitglueck.de\/startseite\/unsere-angebote\/"]}]},{"@type":"BreadcrumbList","@id":"https:\/\/ponyreitglueck.de\/startseite\/unsere-angebote\/#breadcrumb","itemListElement":[{"@type":"ListItem","position":1,"name":"Startseite","item":"https:\/\/ponyreitglueck.de\/startseite\/"},{"@type":"ListItem","position":2,"name":"Unsere Angebote"}]},{"@type":"WebSite","@id":"https:\/\/ponyreitglueck.de\/startseite\/#website","url":"https:\/\/ponyreitglueck.de\/startseite\/","name":"Ponyreitglueck","description":"","publisher":{"@id":"https:\/\/ponyreitglueck.de\/startseite\/#organization"},"potentialAction":[{"@type":"SearchAction","target":{"@type":"EntryPoint","urlTemplate":"https:\/\/ponyreitglueck.de\/startseite\/?s={search_term_string}"},"query-input":"required name=search_term_string"}],"inLanguage":"de-DE"},{"@type":"Organization","@id":"https:\/\/ponyreitglueck.de\/startseite\/#organization","name":"Ponyreitglueck","url":"https:\/\/ponyreitglueck.de\/startseite\/","logo":{"@type":"ImageObject","inLanguage":"de-DE","@id":"https:\/\/ponyreitglueck.de\/startseite\/#\/schema\/logo\/image\/","url":"https:\/\/ponyreitglueck.de\/wp-content\/uploads\/2023\/01\/logo_ponyreitglueck_2_1.png","contentUrl":"https:\/\/ponyreitglueck.de\/wp-content\/uploads\/2023\/01\/logo_ponyreitglueck_2_1.png","width":2362,"height":1230,"caption":"Ponyreitglueck"},"image":{"@id":"https:\/\/ponyreitglueck.de\/startseite\/#\/schema\/logo\/image\/"},"sameAs":["https:\/\/www.facebook.com\/profile.php?id=100089803293122"]}]}},"jetpack_sharing_enabled":true,"_links":{"self":[{"href":"https:\/\/ponyreitglueck.de\/startseite\/wp-json\/wp\/v2\/pages\/87"}],"collection":[{"href":"https:\/\/ponyreitglueck.de\/startseite\/wp-json\/wp\/v2\/pages"}],"about":[{"href":"https:\/\/ponyreitglueck.de\/startseite\/wp-json\/wp\/v2\/types\/page"}],"author":[{"embeddable":true,"href":"https:\/\/ponyreitglueck.de\/startseite\/wp-json\/wp\/v2\/users\/1"}],"replies":[{"embeddable":true,"href":"https:\/\/ponyreitglueck.de\/startseite\/wp-json\/wp\/v2\/comments?post=87"}],"version-history":[{"count":26,"href":"https:\/\/ponyreitglueck.de\/startseite\/wp-json\/wp\/v2\/pages\/87\/revisions"}],"predecessor-version":[{"id":800,"href":"https:\/\/ponyreitglueck.de\/startseite\/wp-json\/wp\/v2\/pages\/87\/revisions\/800"}],"wp:attachment":[{"href":"https:\/\/ponyreitglueck.de\/startseite\/wp-json\/wp\/v2\/media?parent=87"}],"curies":[{"name":"wp","href":"https:\/\/api.w.org\/{rel}","templated":true}]}}